{"id":1085,"date":"2020-04-03T12:42:00","date_gmt":"2020-04-03T11:42:00","guid":{"rendered":"http:\/\/gtf.hr\/?page_id=1085"},"modified":"2026-03-30T15:22:23","modified_gmt":"2026-03-30T14:22:23","slug":"organizacijska-struktura","status":"publish","type":"page","link":"https:\/\/gtf.hr\/en\/organizacijska-struktura\/","title":{"rendered":"ORGANIZATIONAL STRUCTURE"},"content":{"rendered":"\t\t<div data-elementor-type=\"wp-page\" data-elementor-id=\"1085\" class=\"elementor elementor-1085\" data-elementor-post-type=\"page\">\n\t\t\t\t\t\t<section class=\"elementor-section elementor-top-section elementor-element elementor-element-95e23cb elementor-section-full_width elementor-section-height-min-height elementor-section-height-default elementor-section-items-middle\" data-id=\"95e23cb\" data-element_type=\"section\" data-e-type=\"section\" data-settings=\"{&quot;background_background&quot;:&quot;classic&quot;,&quot;background_motion_fx_opacity_effect&quot;:&quot;yes&quot;,&quot;background_motion_fx_opacity_range&quot;:{&quot;unit&quot;:&quot;%&quot;,&quot;size&quot;:&quot;&quot;,&quot;sizes&quot;:{&quot;start&quot;:&quot;51&quot;,&quot;end&quot;:&quot;76&quot;}},&quot;background_motion_fx_motion_fx_scrolling&quot;:&quot;yes&quot;,&quot;background_motion_fx_opacity_direction&quot;:&quot;in-out&quot;,&quot;background_motion_fx_opacity_level&quot;:{&quot;unit&quot;:&quot;px&quot;,&quot;size&quot;:10,&quot;sizes&quot;:[]},&quot;background_motion_fx_devices&quot;:[&quot;desktop&quot;,&quot;tablet&quot;,&quot;mobile&quot;]}\">\n\t\t\t\t\t\t\t<div class=\"elementor-background-overlay\"><\/div>\n\t\t\t\t\t\t\t<div class=\"elementor-container elementor-column-gap-default\">\n\t\t\t\t\t<div class=\"elementor-column elementor-col-100 elementor-top-column elementor-element elementor-element-c6f762d\" data-id=\"c6f762d\" data-element_type=\"column\" data-e-type=\"column\">\n\t\t\t<div class=\"elementor-widget-wrap elementor-element-populated\">\n\t\t\t\t\t\t<div class=\"elementor-element elementor-element-f5e0214 elementor-widget elementor-widget-heading\" data-id=\"f5e0214\" data-element_type=\"widget\" data-e-type=\"widget\" data-widget_type=\"heading.default\">\n\t\t\t\t<div class=\"elementor-widget-container\">\n\t\t\t\t\t<h1 class=\"elementor-heading-title elementor-size-default\">Organizacijska struktura<\/h1>\t\t\t\t<\/div>\n\t\t\t\t<\/div>\n\t\t\t\t\t<\/div>\n\t\t<\/div>\n\t\t\t\t\t<\/div>\n\t\t<\/section>\n\t\t\t\t<section class=\"elementor-section elementor-top-section elementor-element elementor-element-4deeba32 elementor-section-boxed elementor-section-height-default elementor-section-height-default\" data-id=\"4deeba32\" data-element_type=\"section\" data-e-type=\"section\">\n\t\t\t\t\t\t<div class=\"elementor-container elementor-column-gap-default\">\n\t\t\t\t\t<div class=\"elementor-column elementor-col-50 elementor-top-column elementor-element elementor-element-647e84c9\" data-id=\"647e84c9\" data-element_type=\"column\" data-e-type=\"column\">\n\t\t\t<div class=\"elementor-widget-wrap elementor-element-populated\">\n\t\t\t\t\t\t<div class=\"elementor-element elementor-element-74027272 elementor-widget elementor-widget-image\" data-id=\"74027272\" data-element_type=\"widget\" data-e-type=\"widget\" data-widget_type=\"image.default\">\n\t\t\t\t<div class=\"elementor-widget-container\">\n\t\t\t\t\t\t\t\t\t\t\t\t\t\t\t<img fetchpriority=\"high\" decoding=\"async\" width=\"640\" height=\"427\" src=\"https:\/\/gtf.hr\/wp-content\/uploads\/2020\/04\/team_mi.jpg\" class=\"attachment-full size-full wp-image-1095\" alt=\"\" srcset=\"https:\/\/gtf.hr\/wp-content\/uploads\/2020\/04\/team_mi.jpg 640w, https:\/\/gtf.hr\/wp-content\/uploads\/2020\/04\/team_mi-300x200.jpg 300w\" sizes=\"(max-width: 640px) 100vw, 640px\" \/>\t\t\t\t\t\t\t\t\t\t\t\t\t\t\t<\/div>\n\t\t\t\t<\/div>\n\t\t\t\t\t<\/div>\n\t\t<\/div>\n\t\t\t\t<div class=\"elementor-column elementor-col-50 elementor-top-column elementor-element elementor-element-fa71b81\" data-id=\"fa71b81\" data-element_type=\"column\" data-e-type=\"column\">\n\t\t\t<div class=\"elementor-widget-wrap elementor-element-populated\">\n\t\t\t\t\t\t<div class=\"elementor-element elementor-element-cab2a3e elementor-widget elementor-widget-heading\" data-id=\"cab2a3e\" data-element_type=\"widget\" data-e-type=\"widget\" data-widget_type=\"heading.default\">\n\t\t\t\t<div class=\"elementor-widget-container\">\n\t\t\t\t\t<h2 class=\"elementor-heading-title elementor-size-default\">Organizacijska struktura<\/h2>\t\t\t\t<\/div>\n\t\t\t\t<\/div>\n\t\t\t\t<div class=\"elementor-element elementor-element-7921f37 elementor-widget elementor-widget-text-editor\" data-id=\"7921f37\" data-element_type=\"widget\" data-e-type=\"widget\" data-widget_type=\"text-editor.default\">\n\t\t\t\t<div class=\"elementor-widget-container\">\n\t\t\t\t\t\t\t\t\t<p>GTF-Inicijativa za odr\u017eivi rast sastoji se od redovnih \u010dlanova udruge koji njome upravljaju neposredno na Skup\u0161tini i preko izabranih predstavnika u tijelima Udruge.<\/p><p>Tijela upravljanja udruge su:<\/p><p><strong>Predsjednica<\/strong><\/p><ul><li>Mary Ann Rukavina Cipeti\u0107, predsjednica udruge<\/li><\/ul><p><strong>Potpredsjednica<\/strong><\/p><ul><li>Ana Carevi\u0107, potpredsjednica udruge<\/li><\/ul><p><strong>Nadzorni odbor<\/strong><\/p><ul><li>Bori\u0161ka Ma\u0161i\u0107, \u010dlanica Nadzornog odbora<\/li><li>Dunja Kuna, \u010dlanica Nadzornog odbora<\/li><li>Ivana Val\u010di\u0107, \u010dlanica Nadzornog odbora<\/li><\/ul><p>Djelatnost udruge ostvaruje se prvenstveno kroz projekte. U radu na projektima sudjeluju \u010dlanovi udruge, zaposlenici, vanjski suradnici i volonteri sukladno aktima udruge i odluci predsjednice udruge.<\/p>\t\t\t\t\t\t\t\t<\/div>\n\t\t\t\t<\/div>\n\t\t\t\t\t<\/div>\n\t\t<\/div>\n\t\t\t\t\t<\/div>\n\t\t<\/section>\n\t\t\t\t<section class=\"elementor-section elementor-top-section elementor-element elementor-element-f2d6014 elementor-section-boxed elementor-section-height-default elementor-section-height-default\" data-id=\"f2d6014\" data-element_type=\"section\" data-e-type=\"section\">\n\t\t\t\t\t\t<div class=\"elementor-container elementor-column-gap-extended\">\n\t\t\t\t\t<div class=\"elementor-column elementor-col-100 elementor-top-column elementor-element elementor-element-fec7612\" data-id=\"fec7612\" data-element_type=\"column\" data-e-type=\"column\">\n\t\t\t<div class=\"elementor-widget-wrap elementor-element-populated\">\n\t\t\t\t\t\t<div class=\"elementor-element elementor-element-d109039 elementor-widget elementor-widget-heading\" data-id=\"d109039\" data-element_type=\"widget\" data-e-type=\"widget\" data-widget_type=\"heading.default\">\n\t\t\t\t<div class=\"elementor-widget-container\">\n\t\t\t\t\t<h2 class=\"elementor-heading-title elementor-size-default\">Zaposlenici<\/h2>\t\t\t\t<\/div>\n\t\t\t\t<\/div>\n\t\t\t\t<section class=\"elementor-section elementor-inner-section elementor-element elementor-element-6ea1471 elementor-section-boxed elementor-section-height-default elementor-section-height-default\" data-id=\"6ea1471\" data-element_type=\"section\" data-e-type=\"section\">\n\t\t\t\t\t\t<div class=\"elementor-container elementor-column-gap-default\">\n\t\t\t\t\t<div class=\"elementor-column elementor-col-33 elementor-inner-column elementor-element elementor-element-0015e36\" data-id=\"0015e36\" data-element_type=\"column\" data-e-type=\"column\">\n\t\t\t<div class=\"elementor-widget-wrap elementor-element-populated\">\n\t\t\t\t\t\t<div class=\"elementor-element elementor-element-2ec43411 elementor-position-top elementor-widget elementor-widget-image-box\" data-id=\"2ec43411\" data-element_type=\"widget\" data-e-type=\"widget\" data-widget_type=\"image-box.default\">\n\t\t\t\t<div class=\"elementor-widget-container\">\n\t\t\t\t\t<div class=\"elementor-image-box-wrapper\"><figure class=\"elementor-image-box-img\"><img decoding=\"async\" width=\"300\" height=\"400\" src=\"https:\/\/gtf.hr\/wp-content\/uploads\/2026\/03\/Mary-Ann-Rukavina-Cipetic.webp\" class=\"attachment-full size-full wp-image-4763\" alt=\"\" srcset=\"https:\/\/gtf.hr\/wp-content\/uploads\/2026\/03\/Mary-Ann-Rukavina-Cipetic.webp 300w, https:\/\/gtf.hr\/wp-content\/uploads\/2026\/03\/Mary-Ann-Rukavina-Cipetic-225x300.webp 225w, https:\/\/gtf.hr\/wp-content\/uploads\/2026\/03\/Mary-Ann-Rukavina-Cipetic-9x12.webp 9w\" sizes=\"(max-width: 300px) 100vw, 300px\" \/><\/figure><div class=\"elementor-image-box-content\"><h3 class=\"elementor-image-box-title\">Mary Ann Rukavina Cipeti\u0107<\/h3><p class=\"elementor-image-box-description\">Predsjednica i direktorica udruge<\/p><\/div><\/div>\t\t\t\t<\/div>\n\t\t\t\t<\/div>\n\t\t\t\t<div class=\"elementor-element elementor-element-912a8a9 elementor-align-center elementor-icon-list--layout-traditional elementor-list-item-link-full_width elementor-widget elementor-widget-icon-list\" data-id=\"912a8a9\" data-element_type=\"widget\" data-e-type=\"widget\" data-widget_type=\"icon-list.default\">\n\t\t\t\t<div class=\"elementor-widget-container\">\n\t\t\t\t\t\t\t<ul class=\"elementor-icon-list-items\">\n\t\t\t\t\t\t\t<li class=\"elementor-icon-list-item\">\n\t\t\t\t\t\t\t\t\t\t\t<a href=\"mailto:maryann@gtf.hr\">\n\n\t\t\t\t\t\t\t\t\t\t\t\t<span class=\"elementor-icon-list-icon\">\n\t\t\t\t\t\t\t<i aria-hidden=\"true\" class=\"fas fa-envelope\"><\/i>\t\t\t\t\t\t<\/span>\n\t\t\t\t\t\t\t\t\t\t<span class=\"elementor-icon-list-text\">maryann@gtf.hr<\/span>\n\t\t\t\t\t\t\t\t\t\t\t<\/a>\n\t\t\t\t\t\t\t\t\t<\/li>\n\t\t\t\t\t\t<\/ul>\n\t\t\t\t\t\t<\/div>\n\t\t\t\t<\/div>\n\t\t\t\t\t<\/div>\n\t\t<\/div>\n\t\t\t\t<div class=\"elementor-column elementor-col-33 elementor-inner-column elementor-element elementor-element-8fdacf5\" data-id=\"8fdacf5\" data-element_type=\"column\" data-e-type=\"column\">\n\t\t\t<div class=\"elementor-widget-wrap elementor-element-populated\">\n\t\t\t\t\t\t<div class=\"elementor-element elementor-element-1e284d5 elementor-position-top elementor-widget elementor-widget-image-box\" data-id=\"1e284d5\" data-element_type=\"widget\" data-e-type=\"widget\" data-widget_type=\"image-box.default\">\n\t\t\t\t<div class=\"elementor-widget-container\">\n\t\t\t\t\t<div class=\"elementor-image-box-wrapper\"><figure class=\"elementor-image-box-img\"><img decoding=\"async\" width=\"300\" height=\"400\" src=\"https:\/\/gtf.hr\/wp-content\/uploads\/2026\/03\/ana-carevic.webp\" class=\"attachment-full size-full wp-image-4764\" alt=\"\" srcset=\"https:\/\/gtf.hr\/wp-content\/uploads\/2026\/03\/ana-carevic.webp 300w, https:\/\/gtf.hr\/wp-content\/uploads\/2026\/03\/ana-carevic-225x300.webp 225w, https:\/\/gtf.hr\/wp-content\/uploads\/2026\/03\/ana-carevic-9x12.webp 9w\" sizes=\"(max-width: 300px) 100vw, 300px\" \/><\/figure><div class=\"elementor-image-box-content\"><h3 class=\"elementor-image-box-title\">Ana Carevi\u0107<\/h3><p class=\"elementor-image-box-description\">Potpredsjednica udruge i voditeljica projekata<\/p><\/div><\/div>\t\t\t\t<\/div>\n\t\t\t\t<\/div>\n\t\t\t\t<div class=\"elementor-element elementor-element-e69db84 elementor-align-center elementor-icon-list--layout-traditional elementor-list-item-link-full_width elementor-widget elementor-widget-icon-list\" data-id=\"e69db84\" data-element_type=\"widget\" data-e-type=\"widget\" data-widget_type=\"icon-list.default\">\n\t\t\t\t<div class=\"elementor-widget-container\">\n\t\t\t\t\t\t\t<ul class=\"elementor-icon-list-items\">\n\t\t\t\t\t\t\t<li class=\"elementor-icon-list-item\">\n\t\t\t\t\t\t\t\t\t\t\t<a href=\"mailto:ana.c@gtf.hr\">\n\n\t\t\t\t\t\t\t\t\t\t\t\t<span class=\"elementor-icon-list-icon\">\n\t\t\t\t\t\t\t<i aria-hidden=\"true\" class=\"fas fa-envelope\"><\/i>\t\t\t\t\t\t<\/span>\n\t\t\t\t\t\t\t\t\t\t<span class=\"elementor-icon-list-text\">ana.c@gtf.hr<\/span>\n\t\t\t\t\t\t\t\t\t\t\t<\/a>\n\t\t\t\t\t\t\t\t\t<\/li>\n\t\t\t\t\t\t<\/ul>\n\t\t\t\t\t\t<\/div>\n\t\t\t\t<\/div>\n\t\t\t\t\t<\/div>\n\t\t<\/div>\n\t\t\t\t<div class=\"elementor-column elementor-col-33 elementor-inner-column elementor-element elementor-element-c20bf2e\" data-id=\"c20bf2e\" data-element_type=\"column\" data-e-type=\"column\">\n\t\t\t<div class=\"elementor-widget-wrap elementor-element-populated\">\n\t\t\t\t\t\t<div class=\"elementor-element elementor-element-d0891b2 elementor-position-top elementor-widget elementor-widget-image-box\" data-id=\"d0891b2\" data-element_type=\"widget\" data-e-type=\"widget\" data-widget_type=\"image-box.default\">\n\t\t\t\t<div class=\"elementor-widget-container\">\n\t\t\t\t\t<div class=\"elementor-image-box-wrapper\"><figure class=\"elementor-image-box-img\"><img loading=\"lazy\" decoding=\"async\" width=\"300\" height=\"400\" src=\"https:\/\/gtf.hr\/wp-content\/uploads\/2026\/03\/Matea-Biskupic.webp\" class=\"attachment-full size-full wp-image-4765\" alt=\"\" srcset=\"https:\/\/gtf.hr\/wp-content\/uploads\/2026\/03\/Matea-Biskupic.webp 300w, https:\/\/gtf.hr\/wp-content\/uploads\/2026\/03\/Matea-Biskupic-225x300.webp 225w, https:\/\/gtf.hr\/wp-content\/uploads\/2026\/03\/Matea-Biskupic-9x12.webp 9w\" sizes=\"(max-width: 300px) 100vw, 300px\" \/><\/figure><div class=\"elementor-image-box-content\"><h3 class=\"elementor-image-box-title\">Matea Novak<\/h3><p class=\"elementor-image-box-description\">Projektna asistentica<\/p><\/div><\/div>\t\t\t\t<\/div>\n\t\t\t\t<\/div>\n\t\t\t\t<div class=\"elementor-element elementor-element-b4d8499 elementor-align-center elementor-icon-list--layout-traditional elementor-list-item-link-full_width elementor-widget elementor-widget-icon-list\" data-id=\"b4d8499\" data-element_type=\"widget\" data-e-type=\"widget\" data-widget_type=\"icon-list.default\">\n\t\t\t\t<div class=\"elementor-widget-container\">\n\t\t\t\t\t\t\t<ul class=\"elementor-icon-list-items\">\n\t\t\t\t\t\t\t<li class=\"elementor-icon-list-item\">\n\t\t\t\t\t\t\t\t\t\t\t<a href=\"mailto:matea@gtf.hr\">\n\n\t\t\t\t\t\t\t\t\t\t\t\t<span class=\"elementor-icon-list-icon\">\n\t\t\t\t\t\t\t<i aria-hidden=\"true\" class=\"fas fa-envelope\"><\/i>\t\t\t\t\t\t<\/span>\n\t\t\t\t\t\t\t\t\t\t<span class=\"elementor-icon-list-text\">matea@gtf.hr<\/span>\n\t\t\t\t\t\t\t\t\t\t\t<\/a>\n\t\t\t\t\t\t\t\t\t<\/li>\n\t\t\t\t\t\t<\/ul>\n\t\t\t\t\t\t<\/div>\n\t\t\t\t<\/div>\n\t\t\t\t\t<\/div>\n\t\t<\/div>\n\t\t\t\t\t<\/div>\n\t\t<\/section>\n\t\t\t\t<section class=\"elementor-section elementor-inner-section elementor-element elementor-element-b5c24fe elementor-section-boxed elementor-section-height-default elementor-section-height-default\" data-id=\"b5c24fe\" data-element_type=\"section\" data-e-type=\"section\">\n\t\t\t\t\t\t<div class=\"elementor-container elementor-column-gap-default\">\n\t\t\t\t\t<div class=\"elementor-column elementor-col-100 elementor-inner-column elementor-element elementor-element-2e83f8a\" data-id=\"2e83f8a\" data-element_type=\"column\" data-e-type=\"column\">\n\t\t\t<div class=\"elementor-widget-wrap elementor-element-populated\">\n\t\t\t\t\t\t<div class=\"elementor-element elementor-element-ef78f0f elementor-align-center elementor-icon-list--layout-traditional elementor-list-item-link-full_width elementor-widget elementor-widget-icon-list\" data-id=\"ef78f0f\" data-element_type=\"widget\" data-e-type=\"widget\" data-widget_type=\"icon-list.default\">\n\t\t\t\t<div class=\"elementor-widget-container\">\n\t\t\t\t\t\t\t<ul class=\"elementor-icon-list-items\">\n\t\t\t\t\t\t\t<li class=\"elementor-icon-list-item\">\n\t\t\t\t\t\t\t\t\t\t<span class=\"elementor-icon-list-text\"><\/span>\n\t\t\t\t\t\t\t\t\t<\/li>\n\t\t\t\t\t\t<\/ul>\n\t\t\t\t\t\t<\/div>\n\t\t\t\t<\/div>\n\t\t\t\t\t<\/div>\n\t\t<\/div>\n\t\t\t\t\t<\/div>\n\t\t<\/section>\n\t\t\t\t\t<\/div>\n\t\t<\/div>\n\t\t\t\t\t<\/div>\n\t\t<\/section>\n\t\t\t\t<\/div>\n\t\t","protected":false},"excerpt":{"rendered":"<p>Organizacijska struktura Organizacijska struktura GTF-Inicijativa za odr\u017eivi rast sastoji se od redovnih \u010dlanova udruge koji njome upravljaju neposredno na Skup\u0161tini i preko izabranih predstavnika u tijelima Udruge. Tijela upravljanja udruge su: Predsjednica Mary Ann Rukavina Cipeti\u0107, predsjednica udruge Potpredsjednica Ana Carevi\u0107, potpredsjednica udruge Nadzorni odbor Bori\u0161ka Ma\u0161i\u0107, \u010dlanica Nadzornog odbora Dunja Kuna, \u010dlanica Nadzornog odbora &#8230; <a title=\"ORGANIZATIONAL STRUCTURE\" class=\"read-more\" href=\"https:\/\/gtf.hr\/en\/organizacijska-struktura\/\" aria-label=\"Read more about Organizacijska struktura\">Read more<\/a><\/p>","protected":false},"author":2,"featured_media":0,"parent":0,"menu_order":0,"comment_status":"closed","ping_status":"closed","template":"elementor_header_footer","meta":{"footnotes":""},"class_list":["post-1085","page","type-page","status-publish"],"yoast_head":"<!-- This site is optimized with the Yoast SEO plugin v27.2 - https:\/\/yoast.com\/product\/yoast-seo-wordpress\/ -->\n<title>Organizacijska struktura - GTF-Inicijativa za odr\u017eivi rast<\/title>\n<meta name=\"robots\" content=\"index, follow, max-snippet:-1, max-image-preview:large, max-video-preview:-1\" \/>\n<link rel=\"canonical\" href=\"https:\/\/gtf.hr\/en\/organizacijska-struktura\/\" \/>\n<meta property=\"og:locale\" content=\"en_GB\" \/>\n<meta property=\"og:type\" content=\"article\" \/>\n<meta property=\"og:title\" content=\"Organizacijska struktura - GTF-Inicijativa za odr\u017eivi rast\" \/>\n<meta property=\"og:description\" content=\"Organizacijska struktura Organizacijska struktura GTF-Inicijativa za odr\u017eivi rast sastoji se od redovnih \u010dlanova udruge koji njome upravljaju neposredno na Skup\u0161tini i preko izabranih predstavnika u tijelima Udruge. Tijela upravljanja udruge su: Predsjednica Mary Ann Rukavina Cipeti\u0107, predsjednica udruge Potpredsjednica Ana Carevi\u0107, potpredsjednica udruge Nadzorni odbor Bori\u0161ka Ma\u0161i\u0107, \u010dlanica Nadzornog odbora Dunja Kuna, \u010dlanica Nadzornog odbora ... Read more\" \/>\n<meta property=\"og:url\" content=\"https:\/\/gtf.hr\/en\/organizacijska-struktura\/\" \/>\n<meta property=\"og:site_name\" content=\"GTF-Inicijativa za odr\u017eivi rast\" \/>\n<meta property=\"article:modified_time\" content=\"2026-03-30T14:22:23+00:00\" \/>\n<meta property=\"og:image\" content=\"http:\/\/gtf.hr\/wp-content\/uploads\/2020\/04\/team_mi.jpg\" \/>\n<meta name=\"twitter:card\" content=\"summary_large_image\" \/>\n<meta name=\"twitter:label1\" content=\"Estimated reading time\" \/>\n\t<meta name=\"twitter:data1\" content=\"2 minutes\" \/>\n<script type=\"application\/ld+json\" class=\"yoast-schema-graph\">{\"@context\":\"https:\/\/schema.org\",\"@graph\":[{\"@type\":\"WebPage\",\"@id\":\"https:\/\/gtf.hr\/organizacijska-struktura\/\",\"url\":\"https:\/\/gtf.hr\/organizacijska-struktura\/\",\"name\":\"Organizacijska struktura - GTF-Inicijativa za odr\u017eivi rast\",\"isPartOf\":{\"@id\":\"https:\/\/gtf.hr\/#website\"},\"primaryImageOfPage\":{\"@id\":\"https:\/\/gtf.hr\/organizacijska-struktura\/#primaryimage\"},\"image\":{\"@id\":\"https:\/\/gtf.hr\/organizacijska-struktura\/#primaryimage\"},\"thumbnailUrl\":\"http:\/\/gtf.hr\/wp-content\/uploads\/2020\/04\/team_mi.jpg\",\"datePublished\":\"2020-04-03T11:42:00+00:00\",\"dateModified\":\"2026-03-30T14:22:23+00:00\",\"breadcrumb\":{\"@id\":\"https:\/\/gtf.hr\/organizacijska-struktura\/#breadcrumb\"},\"inLanguage\":\"en-GB\",\"potentialAction\":[{\"@type\":\"ReadAction\",\"target\":[\"https:\/\/gtf.hr\/organizacijska-struktura\/\"]}]},{\"@type\":\"ImageObject\",\"inLanguage\":\"en-GB\",\"@id\":\"https:\/\/gtf.hr\/organizacijska-struktura\/#primaryimage\",\"url\":\"http:\/\/gtf.hr\/wp-content\/uploads\/2020\/04\/team_mi.jpg\",\"contentUrl\":\"http:\/\/gtf.hr\/wp-content\/uploads\/2020\/04\/team_mi.jpg\"},{\"@type\":\"BreadcrumbList\",\"@id\":\"https:\/\/gtf.hr\/organizacijska-struktura\/#breadcrumb\",\"itemListElement\":[{\"@type\":\"ListItem\",\"position\":1,\"name\":\"Home\",\"item\":\"https:\/\/gtf.hr\/\"},{\"@type\":\"ListItem\",\"position\":2,\"name\":\"Organizacijska struktura\"}]},{\"@type\":\"WebSite\",\"@id\":\"https:\/\/gtf.hr\/#website\",\"url\":\"https:\/\/gtf.hr\/\",\"name\":\"GTF-Inicijativa za odr\u017eivi rast\",\"description\":\"\",\"potentialAction\":[{\"@type\":\"SearchAction\",\"target\":{\"@type\":\"EntryPoint\",\"urlTemplate\":\"https:\/\/gtf.hr\/?s={search_term_string}\"},\"query-input\":{\"@type\":\"PropertyValueSpecification\",\"valueRequired\":true,\"valueName\":\"search_term_string\"}}],\"inLanguage\":\"en-GB\"}]}<\/script>\n<!-- \/ Yoast SEO plugin. -->","yoast_head_json":{"title":"Organizacijska struktura - GTF-Inicijativa za odr\u017eivi rast","robots":{"index":"index","follow":"follow","max-snippet":"max-snippet:-1","max-image-preview":"max-image-preview:large","max-video-preview":"max-video-preview:-1"},"canonical":"https:\/\/gtf.hr\/en\/organizacijska-struktura\/","og_locale":"en_GB","og_type":"article","og_title":"Organizacijska struktura - GTF-Inicijativa za odr\u017eivi rast","og_description":"Organizacijska struktura Organizacijska struktura GTF-Inicijativa za odr\u017eivi rast sastoji se od redovnih \u010dlanova udruge koji njome upravljaju neposredno na Skup\u0161tini i preko izabranih predstavnika u tijelima Udruge. Tijela upravljanja udruge su: Predsjednica Mary Ann Rukavina Cipeti\u0107, predsjednica udruge Potpredsjednica Ana Carevi\u0107, potpredsjednica udruge Nadzorni odbor Bori\u0161ka Ma\u0161i\u0107, \u010dlanica Nadzornog odbora Dunja Kuna, \u010dlanica Nadzornog odbora ... Read more","og_url":"https:\/\/gtf.hr\/en\/organizacijska-struktura\/","og_site_name":"GTF-Inicijativa za odr\u017eivi rast","article_modified_time":"2026-03-30T14:22:23+00:00","og_image":[{"url":"http:\/\/gtf.hr\/wp-content\/uploads\/2020\/04\/team_mi.jpg","type":"","width":"","height":""}],"twitter_card":"summary_large_image","twitter_misc":{"Estimated reading time":"2 minutes"},"schema":{"@context":"https:\/\/schema.org","@graph":[{"@type":"WebPage","@id":"https:\/\/gtf.hr\/organizacijska-struktura\/","url":"https:\/\/gtf.hr\/organizacijska-struktura\/","name":"Organizacijska struktura - GTF-Inicijativa za odr\u017eivi rast","isPartOf":{"@id":"https:\/\/gtf.hr\/#website"},"primaryImageOfPage":{"@id":"https:\/\/gtf.hr\/organizacijska-struktura\/#primaryimage"},"image":{"@id":"https:\/\/gtf.hr\/organizacijska-struktura\/#primaryimage"},"thumbnailUrl":"http:\/\/gtf.hr\/wp-content\/uploads\/2020\/04\/team_mi.jpg","datePublished":"2020-04-03T11:42:00+00:00","dateModified":"2026-03-30T14:22:23+00:00","breadcrumb":{"@id":"https:\/\/gtf.hr\/organizacijska-struktura\/#breadcrumb"},"inLanguage":"en-GB","potentialAction":[{"@type":"ReadAction","target":["https:\/\/gtf.hr\/organizacijska-struktura\/"]}]},{"@type":"ImageObject","inLanguage":"en-GB","@id":"https:\/\/gtf.hr\/organizacijska-struktura\/#primaryimage","url":"http:\/\/gtf.hr\/wp-content\/uploads\/2020\/04\/team_mi.jpg","contentUrl":"http:\/\/gtf.hr\/wp-content\/uploads\/2020\/04\/team_mi.jpg"},{"@type":"BreadcrumbList","@id":"https:\/\/gtf.hr\/organizacijska-struktura\/#breadcrumb","itemListElement":[{"@type":"ListItem","position":1,"name":"Home","item":"https:\/\/gtf.hr\/"},{"@type":"ListItem","position":2,"name":"Organizacijska struktura"}]},{"@type":"WebSite","@id":"https:\/\/gtf.hr\/#website","url":"https:\/\/gtf.hr\/","name":"GTF-Initiative for Sustainable Growth","description":"","potentialAction":[{"@type":"SearchAction","target":{"@type":"EntryPoint","urlTemplate":"https:\/\/gtf.hr\/?s={search_term_string}"},"query-input":{"@type":"PropertyValueSpecification","valueRequired":true,"valueName":"search_term_string"}}],"inLanguage":"en-GB"}]}},"_links":{"self":[{"href":"https:\/\/gtf.hr\/en\/wp-json\/wp\/v2\/pages\/1085","targetHints":{"allow":["GET"]}}],"collection":[{"href":"https:\/\/gtf.hr\/en\/wp-json\/wp\/v2\/pages"}],"about":[{"href":"https:\/\/gtf.hr\/en\/wp-json\/wp\/v2\/types\/page"}],"author":[{"embeddable":true,"href":"https:\/\/gtf.hr\/en\/wp-json\/wp\/v2\/users\/2"}],"replies":[{"embeddable":true,"href":"https:\/\/gtf.hr\/en\/wp-json\/wp\/v2\/comments?post=1085"}],"version-history":[{"count":109,"href":"https:\/\/gtf.hr\/en\/wp-json\/wp\/v2\/pages\/1085\/revisions"}],"predecessor-version":[{"id":4784,"href":"https:\/\/gtf.hr\/en\/wp-json\/wp\/v2\/pages\/1085\/revisions\/4784"}],"wp:attachment":[{"href":"https:\/\/gtf.hr\/en\/wp-json\/wp\/v2\/media?parent=1085"}],"curies":[{"name":"wp","href":"https:\/\/api.w.org\/{rel}","templated":true}]}}