{"id":1321,"date":"2020-04-06T14:32:14","date_gmt":"2020-04-06T13:32:14","guid":{"rendered":"http:\/\/gtf.hr\/?page_id=1321"},"modified":"2023-11-30T09:43:56","modified_gmt":"2023-11-30T08:43:56","slug":"raise-youth","status":"publish","type":"page","link":"https:\/\/gtf.hr\/en\/raise-youth\/","title":{"rendered":"RAISE Youth"},"content":{"rendered":"\t\t<div data-elementor-type=\"wp-page\" data-elementor-id=\"1321\" class=\"elementor elementor-1321\" data-elementor-post-type=\"page\">\n\t\t\t\t\t\t<section class=\"elementor-section elementor-top-section elementor-element elementor-element-694c282 elementor-section-full_width elementor-section-height-min-height elementor-section-height-default elementor-section-items-middle\" data-id=\"694c282\" data-element_type=\"section\" data-e-type=\"section\" data-settings=\"{&quot;background_background&quot;:&quot;classic&quot;,&quot;background_motion_fx_opacity_effect&quot;:&quot;yes&quot;,&quot;background_motion_fx_opacity_range&quot;:{&quot;unit&quot;:&quot;%&quot;,&quot;size&quot;:&quot;&quot;,&quot;sizes&quot;:{&quot;start&quot;:&quot;51&quot;,&quot;end&quot;:&quot;76&quot;}},&quot;background_motion_fx_motion_fx_scrolling&quot;:&quot;yes&quot;,&quot;background_motion_fx_opacity_direction&quot;:&quot;in-out&quot;,&quot;background_motion_fx_opacity_level&quot;:{&quot;unit&quot;:&quot;px&quot;,&quot;size&quot;:10,&quot;sizes&quot;:[]},&quot;background_motion_fx_devices&quot;:[&quot;desktop&quot;,&quot;tablet&quot;,&quot;mobile&quot;]}\">\n\t\t\t\t\t\t\t<div class=\"elementor-background-overlay\"><\/div>\n\t\t\t\t\t\t\t<div class=\"elementor-container elementor-column-gap-default\">\n\t\t\t\t\t<div class=\"elementor-column elementor-col-100 elementor-top-column elementor-element elementor-element-ab6e2ef\" data-id=\"ab6e2ef\" data-element_type=\"column\" data-e-type=\"column\">\n\t\t\t<div class=\"elementor-widget-wrap elementor-element-populated\">\n\t\t\t\t\t\t<div class=\"elementor-element elementor-element-5af24f3 elementor-widget elementor-widget-heading\" data-id=\"5af24f3\" data-element_type=\"widget\" data-e-type=\"widget\" data-widget_type=\"heading.default\">\n\t\t\t\t<div class=\"elementor-widget-container\">\n\t\t\t\t\t<h1 class=\"elementor-heading-title elementor-size-default\">RAISE Youth<\/h1>\t\t\t\t<\/div>\n\t\t\t\t<\/div>\n\t\t\t\t\t<\/div>\n\t\t<\/div>\n\t\t\t\t\t<\/div>\n\t\t<\/section>\n\t\t\t\t<section class=\"elementor-section elementor-top-section elementor-element elementor-element-d9cc597 elementor-section-boxed elementor-section-height-default elementor-section-height-default\" data-id=\"d9cc597\" data-element_type=\"section\" data-e-type=\"section\">\n\t\t\t\t\t\t<div class=\"elementor-container elementor-column-gap-default\">\n\t\t\t\t\t<div class=\"elementor-column elementor-col-100 elementor-top-column elementor-element elementor-element-bc793c5\" data-id=\"bc793c5\" data-element_type=\"column\" data-e-type=\"column\">\n\t\t\t<div class=\"elementor-widget-wrap elementor-element-populated\">\n\t\t\t\t\t\t<div class=\"elementor-element elementor-element-5606ce1 elementor-widget elementor-widget-image\" data-id=\"5606ce1\" data-element_type=\"widget\" data-e-type=\"widget\" data-widget_type=\"image.default\">\n\t\t\t\t<div class=\"elementor-widget-container\">\n\t\t\t\t\t\t\t\t\t\t\t\t\t\t\t<img fetchpriority=\"high\" decoding=\"async\" width=\"686\" height=\"662\" src=\"https:\/\/gtf.hr\/wp-content\/uploads\/2020\/04\/eeanovo2.jpg\" class=\"attachment-medium_large size-medium_large wp-image-1278\" alt=\"\" srcset=\"https:\/\/gtf.hr\/wp-content\/uploads\/2020\/04\/eeanovo2.jpg 686w, https:\/\/gtf.hr\/wp-content\/uploads\/2020\/04\/eeanovo2-300x290.jpg 300w\" sizes=\"(max-width: 686px) 100vw, 686px\" \/>\t\t\t\t\t\t\t\t\t\t\t\t\t\t\t<\/div>\n\t\t\t\t<\/div>\n\t\t\t\t<div class=\"elementor-element elementor-element-12bb548 elementor-widget elementor-widget-toggle\" data-id=\"12bb548\" data-element_type=\"widget\" data-e-type=\"widget\" data-widget_type=\"toggle.default\">\n\t\t\t\t<div class=\"elementor-widget-container\">\n\t\t\t\t\t\t\t<div class=\"elementor-toggle\">\n\t\t\t\t\t\t\t<div class=\"elementor-toggle-item\">\n\t\t\t\t\t<div id=\"elementor-tab-title-1961\" class=\"elementor-tab-title\" data-tab=\"1\" role=\"button\" aria-controls=\"elementor-tab-content-1961\" aria-expanded=\"false\">\n\t\t\t\t\t\t\t\t\t\t\t\t<span class=\"elementor-toggle-icon elementor-toggle-icon-right\" aria-hidden=\"true\">\n\t\t\t\t\t\t\t\t\t\t\t\t\t\t\t<span class=\"elementor-toggle-icon-closed\"><i class=\"fas fa-caret-right\"><\/i><\/span>\n\t\t\t\t\t\t\t\t<span class=\"elementor-toggle-icon-opened\"><i class=\"elementor-toggle-icon-opened fas fa-caret-up\"><\/i><\/span>\n\t\t\t\t\t\t\t\t\t\t\t\t\t<\/span>\n\t\t\t\t\t\t\t\t\t\t\t\t<a class=\"elementor-toggle-title\" tabindex=\"0\">O PROJEKTU<\/a>\n\t\t\t\t\t<\/div>\n\n\t\t\t\t\t<div id=\"elementor-tab-content-1961\" class=\"elementor-tab-content elementor-clearfix\" data-tab=\"1\" role=\"region\" aria-labelledby=\"elementor-tab-title-1961\"><p>Op\u0107i cilj RAISE Youth projekta je doprinijeti stvaranju dostojanstvenih i produktivnih radnih mjesta za mlade kori\u0161tenjem socijalnih inovacija u ruralnim podru\u010djima 4 zemlje: Hrvatske, Bugarske, Rumunjske i \u0160panjolske.<\/p><p>Specifi\u010dni cilj projekta je pilotirati i promovirati inovativni RAISE model (samo)zapo\u0161ljavanja za mlade koji nisu zaposleni niti u sustavu obrazovanja (tzv. NEET-ovi) u dobi od 20 do 29 godina, koji se temelji na odr\u017eivoj poljoprivredi u 4 ruralne regije s visokim stopama nezaposlenosti i depopulacijom.<\/p><p>Trajanje: 1.9.2018. \u2013 31.01.2024.<\/p><p>Fond: Fondovi Kraljevine Norve\u0161ke i Europskog gospodarskog prostora (EGP)<\/p><p>Projektni konzorcij:<\/p><ul><li>GTF \u2013 Inicijativa za odr\u017eivi rast (nositelj projekta, Hrvatska)<\/li><li>Grad Gospi\u0107 (partner, Hrvatska)<\/li><li>CSCD \u2013 Center for Sustainable Communities Development (partner, Bugarska)<\/li><li>FUNDECYT Science and Technological Park of Extremadura (partner, \u0160panjolska)<\/li><li>Plava tvornica d.o.o. (partner, Hrvatska)<\/li><li>Fema d.o.o. (partner, Hrvatska)<\/li><\/ul><\/div>\n\t\t\t\t<\/div>\n\t\t\t\t\t\t\t<div class=\"elementor-toggle-item\">\n\t\t\t\t\t<div id=\"elementor-tab-title-1962\" class=\"elementor-tab-title\" data-tab=\"2\" role=\"button\" aria-controls=\"elementor-tab-content-1962\" aria-expanded=\"false\">\n\t\t\t\t\t\t\t\t\t\t\t\t<span class=\"elementor-toggle-icon elementor-toggle-icon-right\" aria-hidden=\"true\">\n\t\t\t\t\t\t\t\t\t\t\t\t\t\t\t<span class=\"elementor-toggle-icon-closed\"><i class=\"fas fa-caret-right\"><\/i><\/span>\n\t\t\t\t\t\t\t\t<span class=\"elementor-toggle-icon-opened\"><i class=\"elementor-toggle-icon-opened fas fa-caret-up\"><\/i><\/span>\n\t\t\t\t\t\t\t\t\t\t\t\t\t<\/span>\n\t\t\t\t\t\t\t\t\t\t\t\t<a class=\"elementor-toggle-title\" tabindex=\"0\">ZA\u0160TO<\/a>\n\t\t\t\t\t<\/div>\n\n\t\t\t\t\t<div id=\"elementor-tab-content-1962\" class=\"elementor-tab-content elementor-clearfix\" data-tab=\"2\" role=\"region\" aria-labelledby=\"elementor-tab-title-1962\"><p>Gospodarska struktura ruralnih podru\u010dja se mijenja: udio primarnog sektora u BDP-u je u opadanju, dok tercijarni sektor raste posebno u turizmu i IT-u, koji predstavljaju glavne pokreta\u010de rasta i zapo\u0161ljavanja. Zemlje ju\u017ene i jugoisto\u010dne Europe zajedno s Hrvatskom trebaju stvoriti odr\u017eivije modele poljoprivredno-prehrambene proizvodnje u ruralnim podru\u010djima kako bi zaustavili gospodarsko propadanje i depopulaciju.<\/p><\/div>\n\t\t\t\t<\/div>\n\t\t\t\t\t\t\t<div class=\"elementor-toggle-item\">\n\t\t\t\t\t<div id=\"elementor-tab-title-1963\" class=\"elementor-tab-title\" data-tab=\"3\" role=\"button\" aria-controls=\"elementor-tab-content-1963\" aria-expanded=\"false\">\n\t\t\t\t\t\t\t\t\t\t\t\t<span class=\"elementor-toggle-icon elementor-toggle-icon-right\" aria-hidden=\"true\">\n\t\t\t\t\t\t\t\t\t\t\t\t\t\t\t<span class=\"elementor-toggle-icon-closed\"><i class=\"fas fa-caret-right\"><\/i><\/span>\n\t\t\t\t\t\t\t\t<span class=\"elementor-toggle-icon-opened\"><i class=\"elementor-toggle-icon-opened fas fa-caret-up\"><\/i><\/span>\n\t\t\t\t\t\t\t\t\t\t\t\t\t<\/span>\n\t\t\t\t\t\t\t\t\t\t\t\t<a class=\"elementor-toggle-title\" tabindex=\"0\">TKO<\/a>\n\t\t\t\t\t<\/div>\n\n\t\t\t\t\t<div id=\"elementor-tab-content-1963\" class=\"elementor-tab-content elementor-clearfix\" data-tab=\"3\" role=\"region\" aria-labelledby=\"elementor-tab-title-1963\"><p>Mladi ljudi koji nisu zaposleni niti u sustavu obrazovanja ili osposobljavanja (engl. NEETs \u2013 Not in Education, Employment or Training) do\u017eivljavaju nezaposlenost kao svoj najve\u0107i problem jer ona izravno utje\u010de na mogu\u0107nost njihovog osamostaljivanja, planiranja budu\u0107nosti te razvoja vje\u0161tina i sposobnosti. Nezaposlenost i neaktivnost mladih najve\u0107a je u ruralnim podru\u010djima, a posebno je izra\u017eena u Hrvatskoj, Bugarskoj, Rumunjskoj i \u0160panjolskoj. Najmanje 2250 mladih NEET-ova iz ruralnih i suburbanih podru\u010dja ove \u010detiri zemlje bit \u0107e uklju\u010deno u projektne aktivnosti.<\/p><\/div>\n\t\t\t\t<\/div>\n\t\t\t\t\t\t\t<div class=\"elementor-toggle-item\">\n\t\t\t\t\t<div id=\"elementor-tab-title-1964\" class=\"elementor-tab-title\" data-tab=\"4\" role=\"button\" aria-controls=\"elementor-tab-content-1964\" aria-expanded=\"false\">\n\t\t\t\t\t\t\t\t\t\t\t\t<span class=\"elementor-toggle-icon elementor-toggle-icon-right\" aria-hidden=\"true\">\n\t\t\t\t\t\t\t\t\t\t\t\t\t\t\t<span class=\"elementor-toggle-icon-closed\"><i class=\"fas fa-caret-right\"><\/i><\/span>\n\t\t\t\t\t\t\t\t<span class=\"elementor-toggle-icon-opened\"><i class=\"elementor-toggle-icon-opened fas fa-caret-up\"><\/i><\/span>\n\t\t\t\t\t\t\t\t\t\t\t\t\t<\/span>\n\t\t\t\t\t\t\t\t\t\t\t\t<a class=\"elementor-toggle-title\" tabindex=\"0\">KAKO<\/a>\n\t\t\t\t\t<\/div>\n\n\t\t\t\t\t<div id=\"elementor-tab-content-1964\" class=\"elementor-tab-content elementor-clearfix\" data-tab=\"4\" role=\"region\" aria-labelledby=\"elementor-tab-title-1964\"><p>Projekt RAISE Youth stvara odr\u017eivi transnacionalni okvir za pilotiranje i promicanje inovativnog RAISE modela s ruralnim NEET-ovima u dobi od 20 do 29 godina na temelju iskustva 4 zemlje s vrlo visokim stopama nezaposlenosti mladih. 5 RAISE centara \u0107e biti uspostavljeno kao centri za demonstraciju, trening i proizvodnju u ruralnim podru\u010djima koja se suo\u010davaju s depopulacijom i gospodarskim propadanjem. Kroz me\u0111ugeneracijsko mentorstvo, u\u010denje kroz rad i psiho-socijalnu podr\u0161ku uklju\u010diti \u0107e se najmanje 2250 NEET-ova, od kojih \u0107e se najmanje 250 (samo)zaposliti a najmanje 110 pokrenuti vlastiti posao. Pilotiranjem i promicanjem inovativnog RAISE modela samozapo\u0161ljavanja prvenstveno za NEET-ove u dobi od 20 do 29 godina koji se temelji na odr\u017eivoj poljoprivredi u 4 ruralna podru\u010dja s visokom stopom nezaposlenosti stvorit \u0107e se novi model zapo\u0161ljavanja mladih i u\u010diniti ga odr\u017eivim. RAISE projekt radi na umre\u017eavanju mladih na nacionalnoj i transnacionalnoj razini, uklju\u010duju\u0107i razmjene izme\u0111u zemalja, te su stvorene web platforme za poticanje turisti\u010dkog razvoja, crowsourcing i online prodaju doma\u0107ih proizvoda. Kori\u0161tenjem \u201epametne\u201c poljoprivrede i novih tehnologija u kombinaciji s me\u0111ugeneracijskim mentorstvom te individualnim treninzima stvara se ruralni ekosustav prikladniji za otvaranje radnih mjesta jer se uzima u obzir osobni pristup u pripremi sustavnog stvaranja (dru\u0161tvenog) poduze\u0107a, uspostava klastera, web alata, crowdfunding te dijaloga na razini javnih politika.<\/p><\/div>\n\t\t\t\t<\/div>\n\t\t\t\t\t\t\t<div class=\"elementor-toggle-item\">\n\t\t\t\t\t<div id=\"elementor-tab-title-1965\" class=\"elementor-tab-title\" data-tab=\"5\" role=\"button\" aria-controls=\"elementor-tab-content-1965\" aria-expanded=\"false\">\n\t\t\t\t\t\t\t\t\t\t\t\t<span class=\"elementor-toggle-icon elementor-toggle-icon-right\" aria-hidden=\"true\">\n\t\t\t\t\t\t\t\t\t\t\t\t\t\t\t<span class=\"elementor-toggle-icon-closed\"><i class=\"fas fa-caret-right\"><\/i><\/span>\n\t\t\t\t\t\t\t\t<span class=\"elementor-toggle-icon-opened\"><i class=\"elementor-toggle-icon-opened fas fa-caret-up\"><\/i><\/span>\n\t\t\t\t\t\t\t\t\t\t\t\t\t<\/span>\n\t\t\t\t\t\t\t\t\t\t\t\t<a class=\"elementor-toggle-title\" tabindex=\"0\">GDJE U HRVATSKOJ<\/a>\n\t\t\t\t\t<\/div>\n\n\t\t\t\t\t<div id=\"elementor-tab-content-1965\" class=\"elementor-tab-content elementor-clearfix\" data-tab=\"5\" role=\"region\" aria-labelledby=\"elementor-tab-title-1965\"><p>Mladi iz ruralnih regija Hrvatske koji sudjeluju u projektu dobit \u0107e priliku putem novih vje\u0161tina i znanja sami sebi osigurati odr\u017eivo i kvalitetno (samo)zapo\u0161ljavanje. S obzirom na to da je u Hrvatskoj najve\u0107i udio NEET populacije prisutan na podru\u010dju Li\u010dko-senjske \u017eupanije fokus RAISE Youth projekta je na toj regiji, a u Gospi\u0107u je otvoren RAISE DEMO centar. Tijekom provedbe projekta prepoznata je potreba \u0161irenja RAISE modela stoga je u Splitsko-dalmatinskoj \u017eupaniji, na podru\u010dju Dalmatinske zagore pokrenut program mobilnog RAISE-a (Mobile RAISE) a u 2022. aktivnosti RAISE Youth projekta pro\u0161irile su se i na Sisa\u010dko-moslava\u010dku \u017eupaniju.<\/p><\/div>\n\t\t\t\t<\/div>\n\t\t\t\t\t\t\t\t<\/div>\n\t\t\t\t\t\t<\/div>\n\t\t\t\t<\/div>\n\t\t\t\t\t<\/div>\n\t\t<\/div>\n\t\t\t\t\t<\/div>\n\t\t<\/section>\n\t\t\t\t<section class=\"elementor-section elementor-top-section elementor-element elementor-element-65913594 elementor-section-content-middle elementor-section-boxed elementor-section-height-default elementor-section-height-default\" data-id=\"65913594\" data-element_type=\"section\" data-e-type=\"section\" data-settings=\"{&quot;background_background&quot;:&quot;classic&quot;}\">\n\t\t\t\t\t\t<div class=\"elementor-container elementor-column-gap-narrow\">\n\t\t\t\t\t<div class=\"elementor-column elementor-col-50 elementor-top-column elementor-element elementor-element-2e1e36c8\" data-id=\"2e1e36c8\" data-element_type=\"column\" data-e-type=\"column\" data-settings=\"{&quot;background_background&quot;:&quot;classic&quot;}\">\n\t\t\t<div class=\"elementor-widget-wrap elementor-element-populated\">\n\t\t\t\t\t<div class=\"elementor-background-overlay\"><\/div>\n\t\t\t\t\t\t<div class=\"elementor-element elementor-element-616e616 elementor-widget elementor-widget-heading\" data-id=\"616e616\" data-element_type=\"widget\" data-e-type=\"widget\" data-widget_type=\"heading.default\">\n\t\t\t\t<div class=\"elementor-widget-container\">\n\t\t\t\t\t<h2 class=\"elementor-heading-title elementor-size-default\">AKTIVNOSTI<\/h2>\t\t\t\t<\/div>\n\t\t\t\t<\/div>\n\t\t\t\t<div class=\"elementor-element elementor-element-fb6815f elementor-widget elementor-widget-heading\" data-id=\"fb6815f\" data-element_type=\"widget\" data-e-type=\"widget\" data-widget_type=\"heading.default\">\n\t\t\t\t<div class=\"elementor-widget-container\">\n\t\t\t\t\t<h4 class=\"elementor-heading-title elementor-size-default\">RAISE Youth projekt u Hrvatskoj<\/h4>\t\t\t\t<\/div>\n\t\t\t\t<\/div>\n\t\t\t\t\t<\/div>\n\t\t<\/div>\n\t\t\t\t<div class=\"elementor-column elementor-col-50 elementor-top-column elementor-element elementor-element-2129773a\" data-id=\"2129773a\" data-element_type=\"column\" data-e-type=\"column\">\n\t\t\t<div class=\"elementor-widget-wrap elementor-element-populated\">\n\t\t\t\t\t\t<div class=\"elementor-element elementor-element-3a7bd97f elementor-widget elementor-widget-text-editor\" data-id=\"3a7bd97f\" data-element_type=\"widget\" data-e-type=\"widget\" data-widget_type=\"text-editor.default\">\n\t\t\t\t<div class=\"elementor-widget-container\">\n\t\t\t\t\t\t\t\t\t<ul><li>RAISE Youth centar u Gospi\u0107u djeluje od 2019. godine<\/li><li>Analiza stanja i anketiranje NEET osoba na podru\u010dju Like i Dalmatinske zagore<\/li><li>Fokus grupe sa zainteresiranim mladim NEET osobamaAnaliza stanja OPG-a na podru\u010dju Like<\/li><li>Edukacije iz podru\u010dja poljoprivrede, turizma i digitalnih tehnologija<\/li><li>Program predinkubacije<\/li><li>Mentoriranje i individualne konzultacije u RAISE DEMO centru i na terenu<\/li><li>Prva turisti\u010dka mobilna aplikacija za podru\u010dje Like &#8211; Explore Lika<\/li><li>Policy Dialogue susreti &#8211; Razmjena iskustava dionika iz razli\u010ditih sektora na lokalnoj, regionalnoj i nacionalnoj razini<\/li><li>Pokazni permakulturni povrtnjak u Peru\u0161i\u0107u<\/li><li>Studijske posjete s partnerskim zemljama<\/li><li>Crowdsourcing platforma &#8211; Start.cro<\/li><li>Vertikalna aeroponi\u010dka farma u Peru\u0161i\u0107u kao pokazni model za odr\u017eivu poljoprivredu<\/li><li>Provedba aktivnosti na podru\u010dju Sisa\u010dko-moslava\u010dke \u017eupanije<\/li><li>Online tr\u017enica doma\u0107ih proizvoda &#8211; Taste LikaPriprema RAISE poslovnog modela<\/li><\/ul>\t\t\t\t\t\t\t\t<\/div>\n\t\t\t\t<\/div>\n\t\t\t\t\t<\/div>\n\t\t<\/div>\n\t\t\t\t\t<\/div>\n\t\t<\/section>\n\t\t\t\t<\/div>\n\t\t","protected":false},"excerpt":{"rendered":"<p>RAISE Youth O PROJEKTU Op\u0107i cilj RAISE Youth projekta je doprinijeti stvaranju dostojanstvenih i produktivnih radnih mjesta za mlade kori\u0161tenjem socijalnih inovacija u ruralnim podru\u010djima 4 zemlje: Hrvatske, Bugarske, Rumunjske i \u0160panjolske. Specifi\u010dni cilj projekta je pilotirati i promovirati inovativni RAISE model (samo)zapo\u0161ljavanja za mlade koji nisu zaposleni niti u sustavu obrazovanja (tzv. NEET-ovi) u &#8230; <a title=\"RAISE Youth\" class=\"read-more\" href=\"https:\/\/gtf.hr\/en\/raise-youth\/\" aria-label=\"Read more about RAISE Youth\">Read more<\/a><\/p>","protected":false},"author":2,"featured_media":0,"parent":0,"menu_order":0,"comment_status":"closed","ping_status":"closed","template":"elementor_header_footer","meta":{"footnotes":""},"class_list":["post-1321","page","type-page","status-publish"],"yoast_head":"<!-- This site is optimized with the Yoast SEO plugin v27.2 - https:\/\/yoast.com\/product\/yoast-seo-wordpress\/ -->\n<title>RAISE Youth - GTF-Inicijativa za odr\u017eivi rast<\/title>\n<meta name=\"robots\" content=\"index, follow, max-snippet:-1, max-image-preview:large, max-video-preview:-1\" \/>\n<link rel=\"canonical\" href=\"https:\/\/gtf.hr\/en\/raise-youth\/\" \/>\n<meta property=\"og:locale\" content=\"en_GB\" \/>\n<meta property=\"og:type\" content=\"article\" \/>\n<meta property=\"og:title\" content=\"RAISE Youth - GTF-Inicijativa za odr\u017eivi rast\" \/>\n<meta property=\"og:description\" content=\"RAISE Youth O PROJEKTU Op\u0107i cilj RAISE Youth projekta je doprinijeti stvaranju dostojanstvenih i produktivnih radnih mjesta za mlade kori\u0161tenjem socijalnih inovacija u ruralnim podru\u010djima 4 zemlje: Hrvatske, Bugarske, Rumunjske i \u0160panjolske. Specifi\u010dni cilj projekta je pilotirati i promovirati inovativni RAISE model (samo)zapo\u0161ljavanja za mlade koji nisu zaposleni niti u sustavu obrazovanja (tzv. NEET-ovi) u ... Read more\" \/>\n<meta property=\"og:url\" content=\"https:\/\/gtf.hr\/en\/raise-youth\/\" \/>\n<meta property=\"og:site_name\" content=\"GTF-Inicijativa za odr\u017eivi rast\" \/>\n<meta property=\"article:modified_time\" content=\"2023-11-30T08:43:56+00:00\" \/>\n<meta property=\"og:image\" content=\"http:\/\/gtf.hr\/wp-content\/uploads\/2020\/04\/eeanovo2.jpg\" \/>\n<meta name=\"twitter:card\" content=\"summary_large_image\" \/>\n<meta name=\"twitter:label1\" content=\"Estimated reading time\" \/>\n\t<meta name=\"twitter:data1\" content=\"4 minutes\" \/>\n<script type=\"application\/ld+json\" class=\"yoast-schema-graph\">{\"@context\":\"https:\/\/schema.org\",\"@graph\":[{\"@type\":\"WebPage\",\"@id\":\"https:\/\/gtf.hr\/raise-youth\/\",\"url\":\"https:\/\/gtf.hr\/raise-youth\/\",\"name\":\"RAISE Youth - GTF-Inicijativa za odr\u017eivi rast\",\"isPartOf\":{\"@id\":\"https:\/\/gtf.hr\/#website\"},\"primaryImageOfPage\":{\"@id\":\"https:\/\/gtf.hr\/raise-youth\/#primaryimage\"},\"image\":{\"@id\":\"https:\/\/gtf.hr\/raise-youth\/#primaryimage\"},\"thumbnailUrl\":\"http:\/\/gtf.hr\/wp-content\/uploads\/2020\/04\/eeanovo2.jpg\",\"datePublished\":\"2020-04-06T13:32:14+00:00\",\"dateModified\":\"2023-11-30T08:43:56+00:00\",\"breadcrumb\":{\"@id\":\"https:\/\/gtf.hr\/raise-youth\/#breadcrumb\"},\"inLanguage\":\"en-GB\",\"potentialAction\":[{\"@type\":\"ReadAction\",\"target\":[\"https:\/\/gtf.hr\/raise-youth\/\"]}]},{\"@type\":\"ImageObject\",\"inLanguage\":\"en-GB\",\"@id\":\"https:\/\/gtf.hr\/raise-youth\/#primaryimage\",\"url\":\"http:\/\/gtf.hr\/wp-content\/uploads\/2020\/04\/eeanovo2.jpg\",\"contentUrl\":\"http:\/\/gtf.hr\/wp-content\/uploads\/2020\/04\/eeanovo2.jpg\"},{\"@type\":\"BreadcrumbList\",\"@id\":\"https:\/\/gtf.hr\/raise-youth\/#breadcrumb\",\"itemListElement\":[{\"@type\":\"ListItem\",\"position\":1,\"name\":\"Home\",\"item\":\"https:\/\/gtf.hr\/\"},{\"@type\":\"ListItem\",\"position\":2,\"name\":\"RAISE Youth\"}]},{\"@type\":\"WebSite\",\"@id\":\"https:\/\/gtf.hr\/#website\",\"url\":\"https:\/\/gtf.hr\/\",\"name\":\"GTF-Inicijativa za odr\u017eivi rast\",\"description\":\"\",\"potentialAction\":[{\"@type\":\"SearchAction\",\"target\":{\"@type\":\"EntryPoint\",\"urlTemplate\":\"https:\/\/gtf.hr\/?s={search_term_string}\"},\"query-input\":{\"@type\":\"PropertyValueSpecification\",\"valueRequired\":true,\"valueName\":\"search_term_string\"}}],\"inLanguage\":\"en-GB\"}]}<\/script>\n<!-- \/ Yoast SEO plugin. -->","yoast_head_json":{"title":"RAISE Youth - GTF-Inicijativa za odr\u017eivi rast","robots":{"index":"index","follow":"follow","max-snippet":"max-snippet:-1","max-image-preview":"max-image-preview:large","max-video-preview":"max-video-preview:-1"},"canonical":"https:\/\/gtf.hr\/en\/raise-youth\/","og_locale":"en_GB","og_type":"article","og_title":"RAISE Youth - GTF-Inicijativa za odr\u017eivi rast","og_description":"RAISE Youth O PROJEKTU Op\u0107i cilj RAISE Youth projekta je doprinijeti stvaranju dostojanstvenih i produktivnih radnih mjesta za mlade kori\u0161tenjem socijalnih inovacija u ruralnim podru\u010djima 4 zemlje: Hrvatske, Bugarske, Rumunjske i \u0160panjolske. Specifi\u010dni cilj projekta je pilotirati i promovirati inovativni RAISE model (samo)zapo\u0161ljavanja za mlade koji nisu zaposleni niti u sustavu obrazovanja (tzv. NEET-ovi) u ... Read more","og_url":"https:\/\/gtf.hr\/en\/raise-youth\/","og_site_name":"GTF-Inicijativa za odr\u017eivi rast","article_modified_time":"2023-11-30T08:43:56+00:00","og_image":[{"url":"http:\/\/gtf.hr\/wp-content\/uploads\/2020\/04\/eeanovo2.jpg","type":"","width":"","height":""}],"twitter_card":"summary_large_image","twitter_misc":{"Estimated reading time":"4 minutes"},"schema":{"@context":"https:\/\/schema.org","@graph":[{"@type":"WebPage","@id":"https:\/\/gtf.hr\/raise-youth\/","url":"https:\/\/gtf.hr\/raise-youth\/","name":"RAISE Youth - GTF-Inicijativa za odr\u017eivi rast","isPartOf":{"@id":"https:\/\/gtf.hr\/#website"},"primaryImageOfPage":{"@id":"https:\/\/gtf.hr\/raise-youth\/#primaryimage"},"image":{"@id":"https:\/\/gtf.hr\/raise-youth\/#primaryimage"},"thumbnailUrl":"http:\/\/gtf.hr\/wp-content\/uploads\/2020\/04\/eeanovo2.jpg","datePublished":"2020-04-06T13:32:14+00:00","dateModified":"2023-11-30T08:43:56+00:00","breadcrumb":{"@id":"https:\/\/gtf.hr\/raise-youth\/#breadcrumb"},"inLanguage":"en-GB","potentialAction":[{"@type":"ReadAction","target":["https:\/\/gtf.hr\/raise-youth\/"]}]},{"@type":"ImageObject","inLanguage":"en-GB","@id":"https:\/\/gtf.hr\/raise-youth\/#primaryimage","url":"http:\/\/gtf.hr\/wp-content\/uploads\/2020\/04\/eeanovo2.jpg","contentUrl":"http:\/\/gtf.hr\/wp-content\/uploads\/2020\/04\/eeanovo2.jpg"},{"@type":"BreadcrumbList","@id":"https:\/\/gtf.hr\/raise-youth\/#breadcrumb","itemListElement":[{"@type":"ListItem","position":1,"name":"Home","item":"https:\/\/gtf.hr\/"},{"@type":"ListItem","position":2,"name":"RAISE Youth"}]},{"@type":"WebSite","@id":"https:\/\/gtf.hr\/#website","url":"https:\/\/gtf.hr\/","name":"GTF-Initiative for Sustainable Growth","description":"","potentialAction":[{"@type":"SearchAction","target":{"@type":"EntryPoint","urlTemplate":"https:\/\/gtf.hr\/?s={search_term_string}"},"query-input":{"@type":"PropertyValueSpecification","valueRequired":true,"valueName":"search_term_string"}}],"inLanguage":"en-GB"}]}},"_links":{"self":[{"href":"https:\/\/gtf.hr\/en\/wp-json\/wp\/v2\/pages\/1321","targetHints":{"allow":["GET"]}}],"collection":[{"href":"https:\/\/gtf.hr\/en\/wp-json\/wp\/v2\/pages"}],"about":[{"href":"https:\/\/gtf.hr\/en\/wp-json\/wp\/v2\/types\/page"}],"author":[{"embeddable":true,"href":"https:\/\/gtf.hr\/en\/wp-json\/wp\/v2\/users\/2"}],"replies":[{"embeddable":true,"href":"https:\/\/gtf.hr\/en\/wp-json\/wp\/v2\/comments?post=1321"}],"version-history":[{"count":56,"href":"https:\/\/gtf.hr\/en\/wp-json\/wp\/v2\/pages\/1321\/revisions"}],"predecessor-version":[{"id":4321,"href":"https:\/\/gtf.hr\/en\/wp-json\/wp\/v2\/pages\/1321\/revisions\/4321"}],"wp:attachment":[{"href":"https:\/\/gtf.hr\/en\/wp-json\/wp\/v2\/media?parent=1321"}],"curies":[{"name":"wp","href":"https:\/\/api.w.org\/{rel}","templated":true}]}}