{"id":4239,"date":"2023-08-28T11:08:28","date_gmt":"2023-08-28T10:08:28","guid":{"rendered":"http:\/\/gtf.hr\/?page_id=4239"},"modified":"2023-08-28T11:52:22","modified_gmt":"2023-08-28T10:52:22","slug":"elementor-4239","status":"publish","type":"page","link":"https:\/\/gtf.hr\/en\/elementor-4239\/","title":{"rendered":"BLUEGREENCIRCLE"},"content":{"rendered":"\t\t<div data-elementor-type=\"wp-page\" data-elementor-id=\"4239\" class=\"elementor elementor-4239\" data-elementor-post-type=\"page\">\n\t\t\t\t\t\t<section class=\"elementor-section elementor-top-section elementor-element elementor-element-30ce7923 elementor-section-full_width elementor-section-height-min-height elementor-section-height-default elementor-section-items-middle\" data-id=\"30ce7923\" data-element_type=\"section\" data-e-type=\"section\" data-settings=\"{&quot;background_background&quot;:&quot;classic&quot;,&quot;background_motion_fx_opacity_effect&quot;:&quot;yes&quot;,&quot;background_motion_fx_opacity_range&quot;:{&quot;unit&quot;:&quot;%&quot;,&quot;size&quot;:&quot;&quot;,&quot;sizes&quot;:{&quot;start&quot;:&quot;51&quot;,&quot;end&quot;:&quot;76&quot;}},&quot;background_motion_fx_motion_fx_scrolling&quot;:&quot;yes&quot;,&quot;background_motion_fx_opacity_direction&quot;:&quot;in-out&quot;,&quot;background_motion_fx_opacity_level&quot;:{&quot;unit&quot;:&quot;px&quot;,&quot;size&quot;:10,&quot;sizes&quot;:[]},&quot;background_motion_fx_devices&quot;:[&quot;desktop&quot;,&quot;tablet&quot;,&quot;mobile&quot;]}\">\n\t\t\t\t\t\t\t<div class=\"elementor-background-overlay\"><\/div>\n\t\t\t\t\t\t\t<div class=\"elementor-container elementor-column-gap-default\">\n\t\t\t\t\t<div class=\"elementor-column elementor-col-100 elementor-top-column elementor-element elementor-element-3fcf34a7\" data-id=\"3fcf34a7\" data-element_type=\"column\" data-e-type=\"column\">\n\t\t\t<div class=\"elementor-widget-wrap elementor-element-populated\">\n\t\t\t\t\t\t<div class=\"elementor-element elementor-element-280ba7 elementor-widget elementor-widget-heading\" data-id=\"280ba7\" data-element_type=\"widget\" data-e-type=\"widget\" data-widget_type=\"heading.default\">\n\t\t\t\t<div class=\"elementor-widget-container\">\n\t\t\t\t\t<h1 class=\"elementor-heading-title elementor-size-default\">Plavo-zeleni krug<\/h1>\t\t\t\t<\/div>\n\t\t\t\t<\/div>\n\t\t\t\t\t<\/div>\n\t\t<\/div>\n\t\t\t\t\t<\/div>\n\t\t<\/section>\n\t\t\t\t<section class=\"elementor-section elementor-top-section elementor-element elementor-element-627ffa21 elementor-section-content-middle elementor-section-boxed elementor-section-height-default elementor-section-height-default\" data-id=\"627ffa21\" data-element_type=\"section\" data-e-type=\"section\">\n\t\t\t\t\t\t<div class=\"elementor-container elementor-column-gap-extended\">\n\t\t\t\t\t<div class=\"elementor-column elementor-col-50 elementor-top-column elementor-element elementor-element-3d1c2db3\" data-id=\"3d1c2db3\" data-element_type=\"column\" data-e-type=\"column\">\n\t\t\t<div class=\"elementor-widget-wrap elementor-element-populated\">\n\t\t\t\t\t\t<div class=\"elementor-element elementor-element-6914e5eb elementor-widget elementor-widget-image\" data-id=\"6914e5eb\" data-element_type=\"widget\" data-e-type=\"widget\" data-widget_type=\"image.default\">\n\t\t\t\t<div class=\"elementor-widget-container\">\n\t\t\t\t\t\t\t\t\t\t\t\t\t\t\t<img fetchpriority=\"high\" decoding=\"async\" width=\"900\" height=\"675\" src=\"https:\/\/gtf.hr\/wp-content\/uploads\/2023\/08\/Medical-Retractable-Banner-Prezentacija-4-3.png\" class=\"attachment-large size-large wp-image-4243\" alt=\"\" srcset=\"https:\/\/gtf.hr\/wp-content\/uploads\/2023\/08\/Medical-Retractable-Banner-Prezentacija-4-3.png 1024w, https:\/\/gtf.hr\/wp-content\/uploads\/2023\/08\/Medical-Retractable-Banner-Prezentacija-4-3-300x225.png 300w, https:\/\/gtf.hr\/wp-content\/uploads\/2023\/08\/Medical-Retractable-Banner-Prezentacija-4-3-768x576.png 768w, https:\/\/gtf.hr\/wp-content\/uploads\/2023\/08\/Medical-Retractable-Banner-Prezentacija-4-3-16x12.png 16w\" sizes=\"(max-width: 900px) 100vw, 900px\" \/>\t\t\t\t\t\t\t\t\t\t\t\t\t\t\t<\/div>\n\t\t\t\t<\/div>\n\t\t\t\t\t<\/div>\n\t\t<\/div>\n\t\t\t\t<div class=\"elementor-column elementor-col-50 elementor-top-column elementor-element elementor-element-5437b48\" data-id=\"5437b48\" data-element_type=\"column\" data-e-type=\"column\">\n\t\t\t<div class=\"elementor-widget-wrap elementor-element-populated\">\n\t\t\t\t\t\t<div class=\"elementor-element elementor-element-41bceba9 elementor-widget elementor-widget-heading\" data-id=\"41bceba9\" data-element_type=\"widget\" data-e-type=\"widget\" data-widget_type=\"heading.default\">\n\t\t\t\t<div class=\"elementor-widget-container\">\n\t\t\t\t\t<h2 class=\"elementor-heading-title elementor-size-default\">BLUEGREENCIRCLE: Unlocking bio\n-\nbased circular economy\nsustainable development potentials in Lika Senj County<\/h2>\t\t\t\t<\/div>\n\t\t\t\t<\/div>\n\t\t\t\t<div class=\"elementor-element elementor-element-6a3f5934 elementor-widget elementor-widget-text-editor\" data-id=\"6a3f5934\" data-element_type=\"widget\" data-e-type=\"widget\" data-widget_type=\"text-editor.default\">\n\t\t\t\t<div class=\"elementor-widget-container\">\n\t\t\t\t\t\t\t\t\t<p><span style=\"color: #16163f;\"><strong>OPIS PROJEKTA:<\/strong><\/span><\/p><p>Plavo-zeleni krug ja\u010da kapacitete klju\u010dnih dionika u Li\u010dko-senjskoj \u017eupaniji za unapre\u0111enje razvojnog puta u kojem kori\u0161tenjem kru\u017enih rje\u0161enja u industrijama koje se baziraju na proizvodnji iz obnovljivih biolo\u0161kih izvora doprinose odr\u017eivosti, klimi i okoli\u0161u.<\/p><p><span style=\"color: #16163f;\"><strong>NOSITELJ PROJEKTA:<\/strong><\/span> GTF-Inicijativa za odr\u017eivi rast<\/p><p><span style=\"color: #16163f;\"><strong>PARTNERI:<\/strong><\/span><\/p><p>Li\u010dko-senjska \u017eupanija<\/p><p>International Development Norway Association<\/p><p><strong>LOKACIJA:<\/strong>\u00a0<\/p><ul><li>Hrvatska \u2013 Li\u010dko-senjska \u017eupanija<\/li><li>Norve\u0161ka \u2013 Oslo i okolica<\/li><\/ul><p><span style=\"color: #16163f;\"><strong>TRAJANJE PROJEKTA: <\/strong><\/span>12 mjeseci (3\/2023 \u2013 3\/2024)<\/p><p><span style=\"color: #16163f;\"><strong>CILJNA SKUPINA:<\/strong><\/span><\/p><ul><li>javni slu\u017ebenici, privatni sektor, akademski sektor, civilni sektor, mladi i \u017eene<\/li><\/ul><p><span style=\"color: #16163f;\"><strong>UKUPNA VRIJEDNOST PROJEKTA:<\/strong><\/span><\/p><ul><li>85.153,98 EUR (Fond za bilateralne odnose EGP i Norve\u0161ki financijski mehanizam za razdoblje 2014.-2021)<\/li><\/ul>\t\t\t\t\t\t\t\t<\/div>\n\t\t\t\t<\/div>\n\t\t\t\t<section class=\"elementor-section elementor-inner-section elementor-element elementor-element-23ede590 elementor-section-boxed elementor-section-height-default elementor-section-height-default\" data-id=\"23ede590\" data-element_type=\"section\" data-e-type=\"section\">\n\t\t\t\t\t\t<div class=\"elementor-container elementor-column-gap-default\">\n\t\t\t\t\t<div class=\"elementor-column elementor-col-33 elementor-inner-column elementor-element elementor-element-da70042\" data-id=\"da70042\" data-element_type=\"column\" data-e-type=\"column\">\n\t\t\t<div class=\"elementor-widget-wrap elementor-element-populated\">\n\t\t\t\t\t\t<div class=\"elementor-element elementor-element-12d5189b elementor-widget elementor-widget-image\" data-id=\"12d5189b\" data-element_type=\"widget\" data-e-type=\"widget\" data-widget_type=\"image.default\">\n\t\t\t\t<div class=\"elementor-widget-container\">\n\t\t\t\t\t\t\t\t\t\t\t\t\t\t\t<img decoding=\"async\" width=\"900\" height=\"563\" src=\"https:\/\/gtf.hr\/wp-content\/uploads\/2023\/05\/Bluecircle-1024x640.jpg\" class=\"attachment-large size-large wp-image-3968\" alt=\"\" srcset=\"https:\/\/gtf.hr\/wp-content\/uploads\/2023\/05\/Bluecircle-1024x640.jpg 1024w, https:\/\/gtf.hr\/wp-content\/uploads\/2023\/05\/Bluecircle-300x188.jpg 300w, https:\/\/gtf.hr\/wp-content\/uploads\/2023\/05\/Bluecircle-768x480.jpg 768w, https:\/\/gtf.hr\/wp-content\/uploads\/2023\/05\/Bluecircle-18x12.jpg 18w, https:\/\/gtf.hr\/wp-content\/uploads\/2023\/05\/Bluecircle.jpg 1280w\" sizes=\"(max-width: 900px) 100vw, 900px\" \/>\t\t\t\t\t\t\t\t\t\t\t\t\t\t\t<\/div>\n\t\t\t\t<\/div>\n\t\t\t\t\t<\/div>\n\t\t<\/div>\n\t\t\t\t<div class=\"elementor-column elementor-col-33 elementor-inner-column elementor-element elementor-element-1bcdd985\" data-id=\"1bcdd985\" data-element_type=\"column\" data-e-type=\"column\">\n\t\t\t<div class=\"elementor-widget-wrap elementor-element-populated\">\n\t\t\t\t\t\t<div class=\"elementor-element elementor-element-74001d9a elementor-widget elementor-widget-image\" data-id=\"74001d9a\" data-element_type=\"widget\" data-e-type=\"widget\" data-widget_type=\"image.default\">\n\t\t\t\t<div class=\"elementor-widget-container\">\n\t\t\t\t\t\t\t\t\t\t\t\t\t\t\t<img decoding=\"async\" width=\"900\" height=\"675\" src=\"https:\/\/gtf.hr\/wp-content\/uploads\/2023\/05\/369598242_671297058362052_3431027358215306935_n.jpg\" class=\"attachment-large size-large wp-image-4234\" alt=\"\" srcset=\"https:\/\/gtf.hr\/wp-content\/uploads\/2023\/05\/369598242_671297058362052_3431027358215306935_n.jpg 960w, https:\/\/gtf.hr\/wp-content\/uploads\/2023\/05\/369598242_671297058362052_3431027358215306935_n-300x225.jpg 300w, https:\/\/gtf.hr\/wp-content\/uploads\/2023\/05\/369598242_671297058362052_3431027358215306935_n-768x576.jpg 768w, https:\/\/gtf.hr\/wp-content\/uploads\/2023\/05\/369598242_671297058362052_3431027358215306935_n-16x12.jpg 16w\" sizes=\"(max-width: 900px) 100vw, 900px\" \/>\t\t\t\t\t\t\t\t\t\t\t\t\t\t\t<\/div>\n\t\t\t\t<\/div>\n\t\t\t\t\t<\/div>\n\t\t<\/div>\n\t\t\t\t<div class=\"elementor-column elementor-col-33 elementor-inner-column elementor-element elementor-element-56897d8f\" data-id=\"56897d8f\" data-element_type=\"column\" data-e-type=\"column\">\n\t\t\t<div class=\"elementor-widget-wrap elementor-element-populated\">\n\t\t\t\t\t\t<div class=\"elementor-element elementor-element-668ec975 elementor-widget elementor-widget-image\" data-id=\"668ec975\" data-element_type=\"widget\" data-e-type=\"widget\" data-widget_type=\"image.default\">\n\t\t\t\t<div class=\"elementor-widget-container\">\n\t\t\t\t\t\t\t\t\t\t\t\t\t\t\t<img loading=\"lazy\" decoding=\"async\" width=\"900\" height=\"563\" src=\"https:\/\/gtf.hr\/wp-content\/uploads\/2023\/05\/Od-osnivanja-1024x640.jpg\" class=\"attachment-large size-large wp-image-3964\" alt=\"\" srcset=\"https:\/\/gtf.hr\/wp-content\/uploads\/2023\/05\/Od-osnivanja-1024x640.jpg 1024w, https:\/\/gtf.hr\/wp-content\/uploads\/2023\/05\/Od-osnivanja-300x188.jpg 300w, https:\/\/gtf.hr\/wp-content\/uploads\/2023\/05\/Od-osnivanja-768x480.jpg 768w, https:\/\/gtf.hr\/wp-content\/uploads\/2023\/05\/Od-osnivanja-18x12.jpg 18w, https:\/\/gtf.hr\/wp-content\/uploads\/2023\/05\/Od-osnivanja.jpg 1280w\" sizes=\"(max-width: 900px) 100vw, 900px\" \/>\t\t\t\t\t\t\t\t\t\t\t\t\t\t\t<\/div>\n\t\t\t\t<\/div>\n\t\t\t\t\t<\/div>\n\t\t<\/div>\n\t\t\t\t\t<\/div>\n\t\t<\/section>\n\t\t\t\t<div class=\"elementor-element elementor-element-6bea2c1e elementor-align-center e-transform elementor-widget elementor-widget-button\" data-id=\"6bea2c1e\" data-element_type=\"widget\" data-e-type=\"widget\" data-settings=\"{&quot;_transform_scale_effect_hover&quot;:{&quot;unit&quot;:&quot;px&quot;,&quot;size&quot;:1.1,&quot;sizes&quot;:[]},&quot;_transform_scale_effect_hover_tablet&quot;:{&quot;unit&quot;:&quot;px&quot;,&quot;size&quot;:&quot;&quot;,&quot;sizes&quot;:[]},&quot;_transform_scale_effect_hover_mobile&quot;:{&quot;unit&quot;:&quot;px&quot;,&quot;size&quot;:&quot;&quot;,&quot;sizes&quot;:[]}}\" data-widget_type=\"button.default\">\n\t\t\t\t<div class=\"elementor-widget-container\">\n\t\t\t\t\t\t\t\t\t<div class=\"elementor-button-wrapper\">\n\t\t\t\t\t<a class=\"elementor-button elementor-button-link elementor-size-sm\" href=\"http:\/\/gtf.hr\/en\/\">\n\t\t\t\t\t\t<span class=\"elementor-button-content-wrapper\">\n\t\t\t\t\t\t\t\t\t<span class=\"elementor-button-text\">VI\u0160E 0 PROJEKTU<\/span>\n\t\t\t\t\t<\/span>\n\t\t\t\t\t<\/a>\n\t\t\t\t<\/div>\n\t\t\t\t\t\t\t\t<\/div>\n\t\t\t\t<\/div>\n\t\t\t\t\t<\/div>\n\t\t<\/div>\n\t\t\t\t\t<\/div>\n\t\t<\/section>\n\t\t\t\t<\/div>\n\t\t","protected":false},"excerpt":{"rendered":"<p>Plavo-zeleni krug BLUEGREENCIRCLE: Unlocking bio &#8211; based circular economy sustainable development potentials in Lika Senj County OPIS PROJEKTA: Plavo-zeleni krug ja\u010da kapacitete klju\u010dnih dionika u Li\u010dko-senjskoj \u017eupaniji za unapre\u0111enje razvojnog puta u kojem kori\u0161tenjem kru\u017enih rje\u0161enja u industrijama koje se baziraju na proizvodnji iz obnovljivih biolo\u0161kih izvora doprinose odr\u017eivosti, klimi i okoli\u0161u. NOSITELJ PROJEKTA: GTF-Inicijativa &#8230; <a title=\"BLUEGREENCIRCLE\" class=\"read-more\" href=\"https:\/\/gtf.hr\/en\/elementor-4239\/\" aria-label=\"Read more about Plavo-zeleni krug\">Read more<\/a><\/p>","protected":false},"author":2,"featured_media":0,"parent":0,"menu_order":0,"comment_status":"closed","ping_status":"closed","template":"elementor_header_footer","meta":{"footnotes":""},"class_list":["post-4239","page","type-page","status-publish"],"yoast_head":"<!-- This site is optimized with the Yoast SEO plugin v27.2 - https:\/\/yoast.com\/product\/yoast-seo-wordpress\/ -->\n<title>Plavo-zeleni krug - GTF-Inicijativa za odr\u017eivi rast<\/title>\n<meta name=\"robots\" content=\"index, follow, max-snippet:-1, max-image-preview:large, max-video-preview:-1\" \/>\n<link rel=\"canonical\" href=\"https:\/\/gtf.hr\/en\/elementor-4239\/\" \/>\n<meta property=\"og:locale\" content=\"en_GB\" \/>\n<meta property=\"og:type\" content=\"article\" \/>\n<meta property=\"og:title\" content=\"Plavo-zeleni krug - GTF-Inicijativa za odr\u017eivi rast\" \/>\n<meta property=\"og:description\" content=\"Plavo-zeleni krug BLUEGREENCIRCLE: Unlocking bio &#8211; based circular economy sustainable development potentials in Lika Senj County OPIS PROJEKTA: Plavo-zeleni krug ja\u010da kapacitete klju\u010dnih dionika u Li\u010dko-senjskoj \u017eupaniji za unapre\u0111enje razvojnog puta u kojem kori\u0161tenjem kru\u017enih rje\u0161enja u industrijama koje se baziraju na proizvodnji iz obnovljivih biolo\u0161kih izvora doprinose odr\u017eivosti, klimi i okoli\u0161u. NOSITELJ PROJEKTA: GTF-Inicijativa ... Read more\" \/>\n<meta property=\"og:url\" content=\"https:\/\/gtf.hr\/en\/elementor-4239\/\" \/>\n<meta property=\"og:site_name\" content=\"GTF-Inicijativa za odr\u017eivi rast\" \/>\n<meta property=\"article:modified_time\" content=\"2023-08-28T10:52:22+00:00\" \/>\n<meta property=\"og:image\" content=\"http:\/\/gtf.hr\/wp-content\/uploads\/2023\/08\/Medical-Retractable-Banner-Prezentacija-4-3.png\" \/>\n<meta name=\"twitter:card\" content=\"summary_large_image\" \/>\n<meta name=\"twitter:label1\" content=\"Estimated reading time\" \/>\n\t<meta name=\"twitter:data1\" content=\"2 minutes\" \/>\n<script type=\"application\/ld+json\" class=\"yoast-schema-graph\">{\"@context\":\"https:\/\/schema.org\",\"@graph\":[{\"@type\":\"WebPage\",\"@id\":\"https:\/\/gtf.hr\/en\/elementor-4239\/\",\"url\":\"https:\/\/gtf.hr\/en\/elementor-4239\/\",\"name\":\"Plavo-zeleni krug - GTF-Inicijativa za odr\u017eivi rast\",\"isPartOf\":{\"@id\":\"https:\/\/gtf.hr\/#website\"},\"primaryImageOfPage\":{\"@id\":\"https:\/\/gtf.hr\/en\/elementor-4239\/#primaryimage\"},\"image\":{\"@id\":\"https:\/\/gtf.hr\/en\/elementor-4239\/#primaryimage\"},\"thumbnailUrl\":\"http:\/\/gtf.hr\/wp-content\/uploads\/2023\/08\/Medical-Retractable-Banner-Prezentacija-4-3.png\",\"datePublished\":\"2023-08-28T10:08:28+00:00\",\"dateModified\":\"2023-08-28T10:52:22+00:00\",\"breadcrumb\":{\"@id\":\"https:\/\/gtf.hr\/en\/elementor-4239\/#breadcrumb\"},\"inLanguage\":\"en-GB\",\"potentialAction\":[{\"@type\":\"ReadAction\",\"target\":[\"https:\/\/gtf.hr\/en\/elementor-4239\/\"]}]},{\"@type\":\"ImageObject\",\"inLanguage\":\"en-GB\",\"@id\":\"https:\/\/gtf.hr\/en\/elementor-4239\/#primaryimage\",\"url\":\"http:\/\/gtf.hr\/wp-content\/uploads\/2023\/08\/Medical-Retractable-Banner-Prezentacija-4-3.png\",\"contentUrl\":\"http:\/\/gtf.hr\/wp-content\/uploads\/2023\/08\/Medical-Retractable-Banner-Prezentacija-4-3.png\"},{\"@type\":\"BreadcrumbList\",\"@id\":\"https:\/\/gtf.hr\/en\/elementor-4239\/#breadcrumb\",\"itemListElement\":[{\"@type\":\"ListItem\",\"position\":1,\"name\":\"Home\",\"item\":\"https:\/\/gtf.hr\/\"},{\"@type\":\"ListItem\",\"position\":2,\"name\":\"Plavo-zeleni krug\"}]},{\"@type\":\"WebSite\",\"@id\":\"https:\/\/gtf.hr\/#website\",\"url\":\"https:\/\/gtf.hr\/\",\"name\":\"GTF-Inicijativa za odr\u017eivi rast\",\"description\":\"\",\"potentialAction\":[{\"@type\":\"SearchAction\",\"target\":{\"@type\":\"EntryPoint\",\"urlTemplate\":\"https:\/\/gtf.hr\/?s={search_term_string}\"},\"query-input\":{\"@type\":\"PropertyValueSpecification\",\"valueRequired\":true,\"valueName\":\"search_term_string\"}}],\"inLanguage\":\"en-GB\"}]}<\/script>\n<!-- \/ Yoast SEO plugin. -->","yoast_head_json":{"title":"Plavo-zeleni krug - GTF-Inicijativa za odr\u017eivi rast","robots":{"index":"index","follow":"follow","max-snippet":"max-snippet:-1","max-image-preview":"max-image-preview:large","max-video-preview":"max-video-preview:-1"},"canonical":"https:\/\/gtf.hr\/en\/elementor-4239\/","og_locale":"en_GB","og_type":"article","og_title":"Plavo-zeleni krug - GTF-Inicijativa za odr\u017eivi rast","og_description":"Plavo-zeleni krug BLUEGREENCIRCLE: Unlocking bio &#8211; based circular economy sustainable development potentials in Lika Senj County OPIS PROJEKTA: Plavo-zeleni krug ja\u010da kapacitete klju\u010dnih dionika u Li\u010dko-senjskoj \u017eupaniji za unapre\u0111enje razvojnog puta u kojem kori\u0161tenjem kru\u017enih rje\u0161enja u industrijama koje se baziraju na proizvodnji iz obnovljivih biolo\u0161kih izvora doprinose odr\u017eivosti, klimi i okoli\u0161u. NOSITELJ PROJEKTA: GTF-Inicijativa ... Read more","og_url":"https:\/\/gtf.hr\/en\/elementor-4239\/","og_site_name":"GTF-Inicijativa za odr\u017eivi rast","article_modified_time":"2023-08-28T10:52:22+00:00","og_image":[{"url":"http:\/\/gtf.hr\/wp-content\/uploads\/2023\/08\/Medical-Retractable-Banner-Prezentacija-4-3.png","type":"","width":"","height":""}],"twitter_card":"summary_large_image","twitter_misc":{"Estimated reading time":"2 minutes"},"schema":{"@context":"https:\/\/schema.org","@graph":[{"@type":"WebPage","@id":"https:\/\/gtf.hr\/en\/elementor-4239\/","url":"https:\/\/gtf.hr\/en\/elementor-4239\/","name":"Plavo-zeleni krug - GTF-Inicijativa za odr\u017eivi rast","isPartOf":{"@id":"https:\/\/gtf.hr\/#website"},"primaryImageOfPage":{"@id":"https:\/\/gtf.hr\/en\/elementor-4239\/#primaryimage"},"image":{"@id":"https:\/\/gtf.hr\/en\/elementor-4239\/#primaryimage"},"thumbnailUrl":"http:\/\/gtf.hr\/wp-content\/uploads\/2023\/08\/Medical-Retractable-Banner-Prezentacija-4-3.png","datePublished":"2023-08-28T10:08:28+00:00","dateModified":"2023-08-28T10:52:22+00:00","breadcrumb":{"@id":"https:\/\/gtf.hr\/en\/elementor-4239\/#breadcrumb"},"inLanguage":"en-GB","potentialAction":[{"@type":"ReadAction","target":["https:\/\/gtf.hr\/en\/elementor-4239\/"]}]},{"@type":"ImageObject","inLanguage":"en-GB","@id":"https:\/\/gtf.hr\/en\/elementor-4239\/#primaryimage","url":"http:\/\/gtf.hr\/wp-content\/uploads\/2023\/08\/Medical-Retractable-Banner-Prezentacija-4-3.png","contentUrl":"http:\/\/gtf.hr\/wp-content\/uploads\/2023\/08\/Medical-Retractable-Banner-Prezentacija-4-3.png"},{"@type":"BreadcrumbList","@id":"https:\/\/gtf.hr\/en\/elementor-4239\/#breadcrumb","itemListElement":[{"@type":"ListItem","position":1,"name":"Home","item":"https:\/\/gtf.hr\/"},{"@type":"ListItem","position":2,"name":"Plavo-zeleni krug"}]},{"@type":"WebSite","@id":"https:\/\/gtf.hr\/#website","url":"https:\/\/gtf.hr\/","name":"GTF-Initiative for Sustainable Growth","description":"","potentialAction":[{"@type":"SearchAction","target":{"@type":"EntryPoint","urlTemplate":"https:\/\/gtf.hr\/?s={search_term_string}"},"query-input":{"@type":"PropertyValueSpecification","valueRequired":true,"valueName":"search_term_string"}}],"inLanguage":"en-GB"}]}},"_links":{"self":[{"href":"https:\/\/gtf.hr\/en\/wp-json\/wp\/v2\/pages\/4239","targetHints":{"allow":["GET"]}}],"collection":[{"href":"https:\/\/gtf.hr\/en\/wp-json\/wp\/v2\/pages"}],"about":[{"href":"https:\/\/gtf.hr\/en\/wp-json\/wp\/v2\/types\/page"}],"author":[{"embeddable":true,"href":"https:\/\/gtf.hr\/en\/wp-json\/wp\/v2\/users\/2"}],"replies":[{"embeddable":true,"href":"https:\/\/gtf.hr\/en\/wp-json\/wp\/v2\/comments?post=4239"}],"version-history":[{"count":12,"href":"https:\/\/gtf.hr\/en\/wp-json\/wp\/v2\/pages\/4239\/revisions"}],"predecessor-version":[{"id":4253,"href":"https:\/\/gtf.hr\/en\/wp-json\/wp\/v2\/pages\/4239\/revisions\/4253"}],"wp:attachment":[{"href":"https:\/\/gtf.hr\/en\/wp-json\/wp\/v2\/media?parent=4239"}],"curies":[{"name":"wp","href":"https:\/\/api.w.org\/{rel}","templated":true}]}}