{"id":4329,"date":"2024-02-02T11:41:16","date_gmt":"2024-02-02T10:41:16","guid":{"rendered":"http:\/\/gtf.hr\/?page_id=4329"},"modified":"2024-02-02T12:05:19","modified_gmt":"2024-02-02T11:05:19","slug":"gween","status":"publish","type":"page","link":"https:\/\/gtf.hr\/en\/gween\/","title":{"rendered":"GWEEN"},"content":{"rendered":"\t\t<div data-elementor-type=\"wp-page\" data-elementor-id=\"4329\" class=\"elementor elementor-4329\" data-elementor-post-type=\"page\">\n\t\t\t\t\t\t<section class=\"elementor-section elementor-top-section elementor-element elementor-element-26e8d79 elementor-section-boxed elementor-section-height-default elementor-section-height-default\" data-id=\"26e8d79\" data-element_type=\"section\" data-e-type=\"section\">\n\t\t\t\t\t\t<div class=\"elementor-container elementor-column-gap-default\">\n\t\t\t\t\t<div class=\"elementor-column elementor-col-100 elementor-top-column elementor-element elementor-element-e5f0e49\" data-id=\"e5f0e49\" data-element_type=\"column\" data-e-type=\"column\">\n\t\t\t<div class=\"elementor-widget-wrap elementor-element-populated\">\n\t\t\t\t\t\t<div class=\"elementor-element elementor-element-6a631a7 elementor-widget elementor-widget-template\" data-id=\"6a631a7\" data-element_type=\"widget\" data-e-type=\"widget\" data-widget_type=\"template.default\">\n\t\t\t\t<div class=\"elementor-widget-container\">\n\t\t\t\t\t\t\t<div class=\"elementor-template\">\n\t\t\t\t\t<div data-elementor-type=\"page\" data-elementor-id=\"4332\" class=\"elementor elementor-4332\" data-elementor-post-type=\"elementor_library\">\n\t\t\t\t\t\t<section class=\"elementor-section elementor-top-section elementor-element elementor-element-2265b9c elementor-section-full_width elementor-section-height-min-height elementor-section-height-default elementor-section-items-middle\" data-id=\"2265b9c\" data-element_type=\"section\" data-e-type=\"section\" data-settings=\"{&quot;background_background&quot;:&quot;classic&quot;,&quot;background_motion_fx_opacity_effect&quot;:&quot;yes&quot;,&quot;background_motion_fx_opacity_range&quot;:{&quot;unit&quot;:&quot;%&quot;,&quot;size&quot;:&quot;&quot;,&quot;sizes&quot;:{&quot;start&quot;:&quot;51&quot;,&quot;end&quot;:&quot;76&quot;}},&quot;background_motion_fx_motion_fx_scrolling&quot;:&quot;yes&quot;,&quot;background_motion_fx_opacity_direction&quot;:&quot;in-out&quot;,&quot;background_motion_fx_opacity_level&quot;:{&quot;unit&quot;:&quot;px&quot;,&quot;size&quot;:10,&quot;sizes&quot;:[]},&quot;background_motion_fx_devices&quot;:[&quot;desktop&quot;,&quot;tablet&quot;,&quot;mobile&quot;]}\">\n\t\t\t\t\t\t\t<div class=\"elementor-background-overlay\"><\/div>\n\t\t\t\t\t\t\t<div class=\"elementor-container elementor-column-gap-default\">\n\t\t\t\t\t<div class=\"elementor-column elementor-col-100 elementor-top-column elementor-element elementor-element-49f7e2c0\" data-id=\"49f7e2c0\" data-element_type=\"column\" data-e-type=\"column\">\n\t\t\t<div class=\"elementor-widget-wrap elementor-element-populated\">\n\t\t\t\t\t\t<div class=\"elementor-element elementor-element-75d68a6c elementor-widget elementor-widget-heading\" data-id=\"75d68a6c\" data-element_type=\"widget\" data-e-type=\"widget\" data-widget_type=\"heading.default\">\n\t\t\t\t<div class=\"elementor-widget-container\">\n\t\t\t\t\t<h1 class=\"elementor-heading-title elementor-size-default\">GWEEN<\/h1>\t\t\t\t<\/div>\n\t\t\t\t<\/div>\n\t\t\t\t\t<\/div>\n\t\t<\/div>\n\t\t\t\t\t<\/div>\n\t\t<\/section>\n\t\t\t\t<section class=\"elementor-section elementor-top-section elementor-element elementor-element-2039f606 elementor-section-content-middle elementor-section-boxed elementor-section-height-default elementor-section-height-default\" data-id=\"2039f606\" data-element_type=\"section\" data-e-type=\"section\">\n\t\t\t\t\t\t<div class=\"elementor-container elementor-column-gap-extended\">\n\t\t\t\t\t<div class=\"elementor-column elementor-col-50 elementor-top-column elementor-element elementor-element-48541985\" data-id=\"48541985\" data-element_type=\"column\" data-e-type=\"column\">\n\t\t\t<div class=\"elementor-widget-wrap elementor-element-populated\">\n\t\t\t\t\t\t<div class=\"elementor-element elementor-element-47169044 elementor-widget elementor-widget-image\" data-id=\"47169044\" data-element_type=\"widget\" data-e-type=\"widget\" data-widget_type=\"image.default\">\n\t\t\t\t<div class=\"elementor-widget-container\">\n\t\t\t\t\t\t\t\t\t\t\t\t\t\t\t<img fetchpriority=\"high\" decoding=\"async\" width=\"900\" height=\"504\" src=\"https:\/\/gtf.hr\/wp-content\/uploads\/2024\/02\/gween-1024x574.png\" class=\"attachment-large size-large wp-image-4337\" alt=\"\" srcset=\"https:\/\/gtf.hr\/wp-content\/uploads\/2024\/02\/gween-1024x574.png 1024w, https:\/\/gtf.hr\/wp-content\/uploads\/2024\/02\/gween-300x168.png 300w, https:\/\/gtf.hr\/wp-content\/uploads\/2024\/02\/gween-768x431.png 768w, https:\/\/gtf.hr\/wp-content\/uploads\/2024\/02\/gween-18x10.png 18w, https:\/\/gtf.hr\/wp-content\/uploads\/2024\/02\/gween.png 1352w\" sizes=\"(max-width: 900px) 100vw, 900px\" \/>\t\t\t\t\t\t\t\t\t\t\t\t\t\t\t<\/div>\n\t\t\t\t<\/div>\n\t\t\t\t\t<\/div>\n\t\t<\/div>\n\t\t\t\t<div class=\"elementor-column elementor-col-50 elementor-top-column elementor-element elementor-element-7145899a\" data-id=\"7145899a\" data-element_type=\"column\" data-e-type=\"column\">\n\t\t\t<div class=\"elementor-widget-wrap elementor-element-populated\">\n\t\t\t\t\t\t<div class=\"elementor-element elementor-element-4c71430e elementor-widget elementor-widget-heading\" data-id=\"4c71430e\" data-element_type=\"widget\" data-e-type=\"widget\" data-widget_type=\"heading.default\">\n\t\t\t\t<div class=\"elementor-widget-container\">\n\t\t\t\t\t<h2 class=\"elementor-heading-title elementor-size-default\">GWEEN <br><span style=\"font-size:20.0pt;font-family:Arial;color:#00B050;font-style:italic\">Ozelenjivanje poduzetni\u0161tv<\/span><span style=\"font-size:20.0pt;font-family:Arial;color:#00B050;font-style:italic\">a<\/span><span style=\"font-size:20.0pt;font-family:Arial;color:#00B050;font-style:italic\">\n\u017eena u Hrvatskoj za klimatski pametan gospodarski rast<\/span><\/h2>\t\t\t\t<\/div>\n\t\t\t\t<\/div>\n\t\t\t\t<div class=\"elementor-element elementor-element-14fde16f elementor-widget elementor-widget-text-editor\" data-id=\"14fde16f\" data-element_type=\"widget\" data-e-type=\"widget\" data-widget_type=\"text-editor.default\">\n\t\t\t\t<div class=\"elementor-widget-container\">\n\t\t\t\t\t\t\t\t\t<p><span style=\"color: #16163f;\"><strong>OPIS PROJEKTA:<\/strong><\/span><\/p><p>Projekt GWEEN doprinosi pove\u0107anju konkurentnosti poduze\u0107a u (su)vlasni\u0161tvu \u017eena na podru\u010dju Hrvatske s naglaskom na ruralna podru\u010dja kroz hrvatsko-norve\u0161ku suradnju.\u00a0<\/p><p>Projektnim aktivnostima ja\u010daju se kapaciteti poduzetnica s ruralnih podru\u010dja a norve\u0161ko iskustvo poma\u017ee im u postizanju odr\u017eivosti i zelenih ciljeva. <\/p><p><span style=\"color: #16163f;\"><strong>NOSITELJ PROJEKTA:<\/strong><\/span> GTF-Inicijativa za odr\u017eivi rast<\/p><p><span style=\"color: #16163f;\"><strong>PARTNER:<\/strong><\/span><\/p><p>International Development Norway\u00a0<\/p><p><strong>LOKACIJA:<\/strong>\u00a0<\/p><ul><li>Hrvatska\u00a0<\/li><li>Norve\u0161ka<\/li><\/ul><p><span style=\"color: #16163f;\"><strong>TRAJANJE PROJEKTA: <\/strong><\/span>01.08.2023. &#8211; 30.04.2024.<\/p><p><span style=\"color: #16163f;\"><strong>UKUPNA VRIJEDNOST PROJEKTA:<\/strong><\/span><\/p><ul><li>70.000 EUR <br \/>*90% sufinanciran sredstvima Norve\u0161kog financijskog mehanizma<\/li><\/ul>\t\t\t\t\t\t\t\t<\/div>\n\t\t\t\t<\/div>\n\t\t\t\t<section class=\"elementor-section elementor-inner-section elementor-element elementor-element-35e1e734 elementor-section-boxed elementor-section-height-default elementor-section-height-default\" data-id=\"35e1e734\" data-element_type=\"section\" data-e-type=\"section\">\n\t\t\t\t\t\t<div class=\"elementor-container elementor-column-gap-default\">\n\t\t\t\t\t<div class=\"elementor-column elementor-col-33 elementor-inner-column elementor-element elementor-element-301cb46e\" data-id=\"301cb46e\" data-element_type=\"column\" data-e-type=\"column\">\n\t\t\t<div class=\"elementor-widget-wrap elementor-element-populated\">\n\t\t\t\t\t\t<div class=\"elementor-element elementor-element-446c5c98 elementor-widget elementor-widget-image\" data-id=\"446c5c98\" data-element_type=\"widget\" data-e-type=\"widget\" data-widget_type=\"image.default\">\n\t\t\t\t<div class=\"elementor-widget-container\">\n\t\t\t\t\t\t\t\t\t\t\t\t\t\t\t<img decoding=\"async\" width=\"900\" height=\"600\" src=\"https:\/\/gtf.hr\/wp-content\/uploads\/2023\/10\/GTF_GWEEN261023-10-1024x683.jpg\" class=\"attachment-large size-large wp-image-4305\" alt=\"\" srcset=\"https:\/\/gtf.hr\/wp-content\/uploads\/2023\/10\/GTF_GWEEN261023-10-1024x683.jpg 1024w, https:\/\/gtf.hr\/wp-content\/uploads\/2023\/10\/GTF_GWEEN261023-10-300x200.jpg 300w, https:\/\/gtf.hr\/wp-content\/uploads\/2023\/10\/GTF_GWEEN261023-10-768x512.jpg 768w, https:\/\/gtf.hr\/wp-content\/uploads\/2023\/10\/GTF_GWEEN261023-10-1536x1024.jpg 1536w, https:\/\/gtf.hr\/wp-content\/uploads\/2023\/10\/GTF_GWEEN261023-10-18x12.jpg 18w, https:\/\/gtf.hr\/wp-content\/uploads\/2023\/10\/GTF_GWEEN261023-10.jpg 1600w\" sizes=\"(max-width: 900px) 100vw, 900px\" \/>\t\t\t\t\t\t\t\t\t\t\t\t\t\t\t<\/div>\n\t\t\t\t<\/div>\n\t\t\t\t\t<\/div>\n\t\t<\/div>\n\t\t\t\t<div class=\"elementor-column elementor-col-33 elementor-inner-column elementor-element elementor-element-94aad11\" data-id=\"94aad11\" data-element_type=\"column\" data-e-type=\"column\">\n\t\t\t<div class=\"elementor-widget-wrap elementor-element-populated\">\n\t\t\t\t\t\t<div class=\"elementor-element elementor-element-7fe21a65 elementor-widget elementor-widget-image\" data-id=\"7fe21a65\" data-element_type=\"widget\" data-e-type=\"widget\" data-widget_type=\"image.default\">\n\t\t\t\t<div class=\"elementor-widget-container\">\n\t\t\t\t\t\t\t\t\t\t\t\t\t\t\t<img decoding=\"async\" width=\"900\" height=\"675\" src=\"https:\/\/gtf.hr\/wp-content\/uploads\/2024\/02\/Outreach-Gospic-1024x768.jpg\" class=\"attachment-large size-large wp-image-4336\" alt=\"\" srcset=\"https:\/\/gtf.hr\/wp-content\/uploads\/2024\/02\/Outreach-Gospic-1024x768.jpg 1024w, https:\/\/gtf.hr\/wp-content\/uploads\/2024\/02\/Outreach-Gospic-300x225.jpg 300w, https:\/\/gtf.hr\/wp-content\/uploads\/2024\/02\/Outreach-Gospic-768x576.jpg 768w, https:\/\/gtf.hr\/wp-content\/uploads\/2024\/02\/Outreach-Gospic-1536x1152.jpg 1536w, https:\/\/gtf.hr\/wp-content\/uploads\/2024\/02\/Outreach-Gospic-16x12.jpg 16w, https:\/\/gtf.hr\/wp-content\/uploads\/2024\/02\/Outreach-Gospic.jpg 1600w\" sizes=\"(max-width: 900px) 100vw, 900px\" \/>\t\t\t\t\t\t\t\t\t\t\t\t\t\t\t<\/div>\n\t\t\t\t<\/div>\n\t\t\t\t\t<\/div>\n\t\t<\/div>\n\t\t\t\t<div class=\"elementor-column elementor-col-33 elementor-inner-column elementor-element elementor-element-7bb4f95d\" data-id=\"7bb4f95d\" data-element_type=\"column\" data-e-type=\"column\">\n\t\t\t<div class=\"elementor-widget-wrap elementor-element-populated\">\n\t\t\t\t\t\t<div class=\"elementor-element elementor-element-7c61fe43 elementor-widget elementor-widget-image\" data-id=\"7c61fe43\" data-element_type=\"widget\" data-e-type=\"widget\" data-widget_type=\"image.default\">\n\t\t\t\t<div class=\"elementor-widget-container\">\n\t\t\t\t\t\t\t\t\t\t\t\t\t\t\t<img loading=\"lazy\" decoding=\"async\" width=\"900\" height=\"563\" src=\"https:\/\/gtf.hr\/wp-content\/uploads\/2023\/05\/Od-osnivanja-1024x640.jpg\" class=\"attachment-large size-large wp-image-3964\" alt=\"\" srcset=\"https:\/\/gtf.hr\/wp-content\/uploads\/2023\/05\/Od-osnivanja-1024x640.jpg 1024w, https:\/\/gtf.hr\/wp-content\/uploads\/2023\/05\/Od-osnivanja-300x188.jpg 300w, https:\/\/gtf.hr\/wp-content\/uploads\/2023\/05\/Od-osnivanja-768x480.jpg 768w, https:\/\/gtf.hr\/wp-content\/uploads\/2023\/05\/Od-osnivanja-18x12.jpg 18w, https:\/\/gtf.hr\/wp-content\/uploads\/2023\/05\/Od-osnivanja.jpg 1280w\" sizes=\"(max-width: 900px) 100vw, 900px\" \/>\t\t\t\t\t\t\t\t\t\t\t\t\t\t\t<\/div>\n\t\t\t\t<\/div>\n\t\t\t\t\t<\/div>\n\t\t<\/div>\n\t\t\t\t\t<\/div>\n\t\t<\/section>\n\t\t\t\t\t<\/div>\n\t\t<\/div>\n\t\t\t\t\t<\/div>\n\t\t<\/section>\n\t\t\t\t<\/div>\n\t\t\t\t<\/div>\n\t\t\t\t\t\t<\/div>\n\t\t\t\t<\/div>\n\t\t\t\t\t<\/div>\n\t\t<\/div>\n\t\t\t\t\t<\/div>\n\t\t<\/section>\n\t\t\t\t<\/div>\n\t\t","protected":false},"excerpt":{"rendered":"","protected":false},"author":2,"featured_media":0,"parent":0,"menu_order":0,"comment_status":"closed","ping_status":"closed","template":"elementor_header_footer","meta":{"footnotes":""},"class_list":["post-4329","page","type-page","status-publish"],"yoast_head":"<!-- This site is optimized with the Yoast SEO plugin v27.2 - https:\/\/yoast.com\/product\/yoast-seo-wordpress\/ -->\n<title>GWEEN - GTF-Inicijativa za odr\u017eivi rast<\/title>\n<meta name=\"robots\" content=\"index, follow, max-snippet:-1, max-image-preview:large, max-video-preview:-1\" \/>\n<link rel=\"canonical\" href=\"https:\/\/gtf.hr\/en\/gween\/\" \/>\n<meta property=\"og:locale\" content=\"en_GB\" \/>\n<meta property=\"og:type\" content=\"article\" \/>\n<meta property=\"og:title\" content=\"GWEEN - GTF-Inicijativa za odr\u017eivi rast\" \/>\n<meta property=\"og:url\" content=\"https:\/\/gtf.hr\/en\/gween\/\" \/>\n<meta property=\"og:site_name\" content=\"GTF-Inicijativa za odr\u017eivi rast\" \/>\n<meta property=\"article:modified_time\" content=\"2024-02-02T11:05:19+00:00\" \/>\n<meta name=\"twitter:card\" content=\"summary_large_image\" \/>\n<script type=\"application\/ld+json\" class=\"yoast-schema-graph\">{\"@context\":\"https:\/\/schema.org\",\"@graph\":[{\"@type\":\"WebPage\",\"@id\":\"https:\/\/gtf.hr\/gween\/\",\"url\":\"https:\/\/gtf.hr\/gween\/\",\"name\":\"GWEEN - GTF-Inicijativa za odr\u017eivi rast\",\"isPartOf\":{\"@id\":\"https:\/\/gtf.hr\/#website\"},\"datePublished\":\"2024-02-02T10:41:16+00:00\",\"dateModified\":\"2024-02-02T11:05:19+00:00\",\"breadcrumb\":{\"@id\":\"https:\/\/gtf.hr\/gween\/#breadcrumb\"},\"inLanguage\":\"en-GB\",\"potentialAction\":[{\"@type\":\"ReadAction\",\"target\":[\"https:\/\/gtf.hr\/gween\/\"]}]},{\"@type\":\"BreadcrumbList\",\"@id\":\"https:\/\/gtf.hr\/gween\/#breadcrumb\",\"itemListElement\":[{\"@type\":\"ListItem\",\"position\":1,\"name\":\"Home\",\"item\":\"https:\/\/gtf.hr\/\"},{\"@type\":\"ListItem\",\"position\":2,\"name\":\"GWEEN\"}]},{\"@type\":\"WebSite\",\"@id\":\"https:\/\/gtf.hr\/#website\",\"url\":\"https:\/\/gtf.hr\/\",\"name\":\"GTF-Inicijativa za odr\u017eivi rast\",\"description\":\"\",\"potentialAction\":[{\"@type\":\"SearchAction\",\"target\":{\"@type\":\"EntryPoint\",\"urlTemplate\":\"https:\/\/gtf.hr\/?s={search_term_string}\"},\"query-input\":{\"@type\":\"PropertyValueSpecification\",\"valueRequired\":true,\"valueName\":\"search_term_string\"}}],\"inLanguage\":\"en-GB\"}]}<\/script>\n<!-- \/ Yoast SEO plugin. -->","yoast_head_json":{"title":"GWEEN - GTF-Inicijativa za odr\u017eivi rast","robots":{"index":"index","follow":"follow","max-snippet":"max-snippet:-1","max-image-preview":"max-image-preview:large","max-video-preview":"max-video-preview:-1"},"canonical":"https:\/\/gtf.hr\/en\/gween\/","og_locale":"en_GB","og_type":"article","og_title":"GWEEN - GTF-Inicijativa za odr\u017eivi rast","og_url":"https:\/\/gtf.hr\/en\/gween\/","og_site_name":"GTF-Inicijativa za odr\u017eivi rast","article_modified_time":"2024-02-02T11:05:19+00:00","twitter_card":"summary_large_image","schema":{"@context":"https:\/\/schema.org","@graph":[{"@type":"WebPage","@id":"https:\/\/gtf.hr\/gween\/","url":"https:\/\/gtf.hr\/gween\/","name":"GWEEN - GTF-Inicijativa za odr\u017eivi rast","isPartOf":{"@id":"https:\/\/gtf.hr\/#website"},"datePublished":"2024-02-02T10:41:16+00:00","dateModified":"2024-02-02T11:05:19+00:00","breadcrumb":{"@id":"https:\/\/gtf.hr\/gween\/#breadcrumb"},"inLanguage":"en-GB","potentialAction":[{"@type":"ReadAction","target":["https:\/\/gtf.hr\/gween\/"]}]},{"@type":"BreadcrumbList","@id":"https:\/\/gtf.hr\/gween\/#breadcrumb","itemListElement":[{"@type":"ListItem","position":1,"name":"Home","item":"https:\/\/gtf.hr\/"},{"@type":"ListItem","position":2,"name":"GWEEN"}]},{"@type":"WebSite","@id":"https:\/\/gtf.hr\/#website","url":"https:\/\/gtf.hr\/","name":"GTF-Initiative for Sustainable Growth","description":"","potentialAction":[{"@type":"SearchAction","target":{"@type":"EntryPoint","urlTemplate":"https:\/\/gtf.hr\/?s={search_term_string}"},"query-input":{"@type":"PropertyValueSpecification","valueRequired":true,"valueName":"search_term_string"}}],"inLanguage":"en-GB"}]}},"_links":{"self":[{"href":"https:\/\/gtf.hr\/en\/wp-json\/wp\/v2\/pages\/4329","targetHints":{"allow":["GET"]}}],"collection":[{"href":"https:\/\/gtf.hr\/en\/wp-json\/wp\/v2\/pages"}],"about":[{"href":"https:\/\/gtf.hr\/en\/wp-json\/wp\/v2\/types\/page"}],"author":[{"embeddable":true,"href":"https:\/\/gtf.hr\/en\/wp-json\/wp\/v2\/users\/2"}],"replies":[{"embeddable":true,"href":"https:\/\/gtf.hr\/en\/wp-json\/wp\/v2\/comments?post=4329"}],"version-history":[{"count":7,"href":"https:\/\/gtf.hr\/en\/wp-json\/wp\/v2\/pages\/4329\/revisions"}],"predecessor-version":[{"id":4344,"href":"https:\/\/gtf.hr\/en\/wp-json\/wp\/v2\/pages\/4329\/revisions\/4344"}],"wp:attachment":[{"href":"https:\/\/gtf.hr\/en\/wp-json\/wp\/v2\/media?parent=4329"}],"curies":[{"name":"wp","href":"https:\/\/api.w.org\/{rel}","templated":true}]}}