{"id":4495,"date":"2025-05-08T12:32:21","date_gmt":"2025-05-08T11:32:21","guid":{"rendered":"http:\/\/gtf.hr\/?page_id=4495"},"modified":"2026-04-18T14:18:13","modified_gmt":"2026-04-18T13:18:13","slug":"super-li-permakulturno-imanje-u-perusicu","status":"publish","type":"page","link":"https:\/\/gtf.hr\/en\/super-li-permakulturno-imanje-u-perusicu\/","title":{"rendered":"SUPER-LI Permakulturno imanje u Peru\u0161i\u0107u"},"content":{"rendered":"\t\t<div data-elementor-type=\"wp-page\" data-elementor-id=\"4495\" class=\"elementor elementor-4495\" data-elementor-post-type=\"page\">\n\t\t\t\t\t\t<section class=\"elementor-section elementor-top-section elementor-element elementor-element-86a24d3 elementor-section-full_width elementor-section-height-min-height elementor-section-height-default elementor-section-items-middle\" data-id=\"86a24d3\" data-element_type=\"section\" data-e-type=\"section\" data-settings=\"{&quot;background_background&quot;:&quot;classic&quot;,&quot;background_motion_fx_opacity_effect&quot;:&quot;yes&quot;,&quot;background_motion_fx_opacity_range&quot;:{&quot;unit&quot;:&quot;%&quot;,&quot;size&quot;:&quot;&quot;,&quot;sizes&quot;:{&quot;start&quot;:&quot;51&quot;,&quot;end&quot;:&quot;76&quot;}},&quot;background_motion_fx_motion_fx_scrolling&quot;:&quot;yes&quot;,&quot;background_motion_fx_opacity_direction&quot;:&quot;in-out&quot;,&quot;background_motion_fx_opacity_level&quot;:{&quot;unit&quot;:&quot;px&quot;,&quot;size&quot;:10,&quot;sizes&quot;:[]},&quot;background_motion_fx_devices&quot;:[&quot;desktop&quot;,&quot;tablet&quot;,&quot;mobile&quot;]}\">\n\t\t\t\t\t\t\t<div class=\"elementor-background-overlay\"><\/div>\n\t\t\t\t\t\t\t<div class=\"elementor-container elementor-column-gap-default\">\n\t\t\t\t\t<div class=\"elementor-column elementor-col-100 elementor-top-column elementor-element elementor-element-ae766bb\" data-id=\"ae766bb\" data-element_type=\"column\" data-e-type=\"column\">\n\t\t\t<div class=\"elementor-widget-wrap elementor-element-populated\">\n\t\t\t\t\t\t<div class=\"elementor-element elementor-element-096a0fb elementor-widget elementor-widget-heading\" data-id=\"096a0fb\" data-element_type=\"widget\" data-e-type=\"widget\" data-widget_type=\"heading.default\">\n\t\t\t\t<div class=\"elementor-widget-container\">\n\t\t\t\t\t<h1 class=\"elementor-heading-title elementor-size-default\">SUPER-LI<br>Permakulturno imanje u Peru\u0161i\u0107u  <br><\/h1>\t\t\t\t<\/div>\n\t\t\t\t<\/div>\n\t\t\t\t\t<\/div>\n\t\t<\/div>\n\t\t\t\t\t<\/div>\n\t\t<\/section>\n\t\t\t\t<section class=\"elementor-section elementor-top-section elementor-element elementor-element-e45d0f3 elementor-section-boxed elementor-section-height-default elementor-section-height-default\" data-id=\"e45d0f3\" data-element_type=\"section\" data-e-type=\"section\">\n\t\t\t\t\t\t<div class=\"elementor-container elementor-column-gap-default\">\n\t\t\t\t\t<div class=\"elementor-column elementor-col-100 elementor-top-column elementor-element elementor-element-617c856\" data-id=\"617c856\" data-element_type=\"column\" data-e-type=\"column\">\n\t\t\t<div class=\"elementor-widget-wrap elementor-element-populated\">\n\t\t\t\t\t\t<div class=\"elementor-element elementor-element-f86cb30 elementor-widget elementor-widget-image\" data-id=\"f86cb30\" data-element_type=\"widget\" data-e-type=\"widget\" data-widget_type=\"image.default\">\n\t\t\t\t<div class=\"elementor-widget-container\">\n\t\t\t\t\t\t\t\t\t\t\t\t\t\t\t<img fetchpriority=\"high\" decoding=\"async\" width=\"2048\" height=\"1090\" src=\"https:\/\/gtf.hr\/wp-content\/uploads\/2022\/09\/281038005_1968515663335761_1056341850563730241_n.jpg\" class=\"attachment-full size-full wp-image-3172\" alt=\"\" srcset=\"https:\/\/gtf.hr\/wp-content\/uploads\/2022\/09\/281038005_1968515663335761_1056341850563730241_n.jpg 2048w, https:\/\/gtf.hr\/wp-content\/uploads\/2022\/09\/281038005_1968515663335761_1056341850563730241_n-300x160.jpg 300w, https:\/\/gtf.hr\/wp-content\/uploads\/2022\/09\/281038005_1968515663335761_1056341850563730241_n-1024x545.jpg 1024w, https:\/\/gtf.hr\/wp-content\/uploads\/2022\/09\/281038005_1968515663335761_1056341850563730241_n-768x409.jpg 768w, https:\/\/gtf.hr\/wp-content\/uploads\/2022\/09\/281038005_1968515663335761_1056341850563730241_n-1536x818.jpg 1536w\" sizes=\"(max-width: 2048px) 100vw, 2048px\" \/>\t\t\t\t\t\t\t\t\t\t\t\t\t\t\t<\/div>\n\t\t\t\t<\/div>\n\t\t\t\t<section class=\"elementor-section elementor-inner-section elementor-element elementor-element-2e1d287 elementor-section-boxed elementor-section-height-default elementor-section-height-default\" data-id=\"2e1d287\" data-element_type=\"section\" data-e-type=\"section\">\n\t\t\t\t\t\t<div class=\"elementor-container elementor-column-gap-default\">\n\t\t\t\t\t<div class=\"elementor-column elementor-col-50 elementor-inner-column elementor-element elementor-element-0aed955\" data-id=\"0aed955\" data-element_type=\"column\" data-e-type=\"column\">\n\t\t\t<div class=\"elementor-widget-wrap elementor-element-populated\">\n\t\t\t\t\t\t<div class=\"elementor-element elementor-element-2c8c22f5 elementor-widget elementor-widget-text-editor\" data-id=\"2c8c22f5\" data-element_type=\"widget\" data-e-type=\"widget\" data-widget_type=\"text-editor.default\">\n\t\t\t\t<div class=\"elementor-widget-container\">\n\t\t\t\t\t\t\t\t\t\n<p>Permakulturno imanje udruge GTF-Inicijativa za odr\u017eivi rast pravi je primjer odr\u017eive poljoprivrede i sredi\u0161te za edukaciju, inspiraciju i uklju\u010divanje zajednice.<\/p>\n\n<p>\u0160to je permakultura?<\/p>\n\n<p>Permakultura je odr\u017eivi pristup vrtlarstvu i poljoprivredi koji opona\u0161a prirodne ekosustave. Cilj je stvoriti samoodr\u017eive sustave koji zahtijevaju minimalne resurse, a pritom oboga\u0107uju tlo, \u010duvaju vodu i podr\u017eavaju bioraznolikost. Kroz permakulturu, u\u010dimo kako \u017eivjeti u skladu s prirodom i uzgajati hranu na ekolo\u0161ki prihvatljiv na\u010din.<\/p>\n\n<ul class=\"wp-block-list\">\n<li>Nau\u010dite osnovna na\u010dela permakulture i odr\u017eive poljoprivrede<\/li>\n\n<li>Sudjelujte u radionicama, predavanjima i prakti\u010dnim aktivnostima<\/li>\n\n<li>Ku\u0161ajte organski uzgojeno povr\u0107e<\/li>\n<\/ul>\n\n<p><strong>ORGANIZIRAMO:<\/strong><\/p>\n\n<ul class=\"wp-block-list\">\n<li><strong>edukacije za sve uzraste: Posebni programi za djecu i odrasle<\/strong><\/li>\n\n<li><strong>zabavno-edukativna doga\u0111anja<\/strong><\/li>\n\n<li><strong>volonterske akcije<\/strong><\/li>\n\n<li><strong>studijske posjete<\/strong><\/li>\n<\/ul>\n\t\t\t\t\t\t\t\t<\/div>\n\t\t\t\t<\/div>\n\t\t\t\t\t<\/div>\n\t\t<\/div>\n\t\t\t\t<div class=\"elementor-column elementor-col-50 elementor-inner-column elementor-element elementor-element-75e9811\" data-id=\"75e9811\" data-element_type=\"column\" data-e-type=\"column\">\n\t\t\t<div class=\"elementor-widget-wrap elementor-element-populated\">\n\t\t\t\t\t\t<div class=\"elementor-element elementor-element-cd1470a elementor-widget elementor-widget-html\" data-id=\"cd1470a\" data-element_type=\"widget\" data-e-type=\"widget\" data-widget_type=\"html.default\">\n\t\t\t\t<div class=\"elementor-widget-container\">\n\t\t\t\t\t<iframe src=\"https:\/\/www.google.com\/maps\/embed?pb=!1m18!1m12!1m3!1d2837.7507430143783!2d15.388110999999999!3d44.663444!2m3!1f0!2f0!3f0!3m2!1i1024!2i768!4f13.1!3m3!1m2!1s0x4763d7004f82cc1b%3A0xa2ec1e275251e071!2sSUPER-LI%20Permakulturno%20imanje!5e0!3m2!1sen!2shr!4v1774537630167!5m2!1sen!2shr\" width=\"800\" height=\"600\" style=\"border:0;\" allowfullscreen=\"\" loading=\"lazy\" referrerpolicy=\"no-referrer-when-downgrade\"><\/iframe>\t\t\t\t<\/div>\n\t\t\t\t<\/div>\n\t\t\t\t\t<\/div>\n\t\t<\/div>\n\t\t\t\t\t<\/div>\n\t\t<\/section>\n\t\t\t\t<section class=\"elementor-section elementor-inner-section elementor-element elementor-element-5fd5560 elementor-section-boxed elementor-section-height-default elementor-section-height-default\" data-id=\"5fd5560\" data-element_type=\"section\" data-e-type=\"section\">\n\t\t\t\t\t\t<div class=\"elementor-container elementor-column-gap-default\">\n\t\t\t\t\t<div class=\"elementor-column elementor-col-50 elementor-inner-column elementor-element elementor-element-92bd10e\" data-id=\"92bd10e\" data-element_type=\"column\" data-e-type=\"column\">\n\t\t\t<div class=\"elementor-widget-wrap elementor-element-populated\">\n\t\t\t\t\t\t<div class=\"elementor-element elementor-element-fffca85 elementor-widget elementor-widget-video\" data-id=\"fffca85\" data-element_type=\"widget\" data-e-type=\"widget\" data-settings=\"{&quot;youtube_url&quot;:&quot;https:\\\/\\\/youtu.be\\\/4zbXKW_Iziw?si=Ws2rezQylEyb_v_p&quot;,&quot;video_type&quot;:&quot;youtube&quot;,&quot;controls&quot;:&quot;yes&quot;}\" data-widget_type=\"video.default\">\n\t\t\t\t<div class=\"elementor-widget-container\">\n\t\t\t\t\t\t\t<div class=\"elementor-wrapper elementor-open-inline\">\n\t\t\t<div class=\"elementor-video\"><\/div>\t\t<\/div>\n\t\t\t\t\t\t<\/div>\n\t\t\t\t<\/div>\n\t\t\t\t\t<\/div>\n\t\t<\/div>\n\t\t\t\t<div class=\"elementor-column elementor-col-50 elementor-inner-column elementor-element elementor-element-c1a656b\" data-id=\"c1a656b\" data-element_type=\"column\" data-e-type=\"column\">\n\t\t\t<div class=\"elementor-widget-wrap elementor-element-populated\">\n\t\t\t\t\t\t<div class=\"elementor-element elementor-element-336523c elementor-widget elementor-widget-video\" data-id=\"336523c\" data-element_type=\"widget\" data-e-type=\"widget\" data-settings=\"{&quot;youtube_url&quot;:&quot;https:\\\/\\\/youtu.be\\\/T1qqxFaj0KE?si=GKLLubGVznZ8xZ5S&quot;,&quot;video_type&quot;:&quot;youtube&quot;,&quot;controls&quot;:&quot;yes&quot;}\" data-widget_type=\"video.default\">\n\t\t\t\t<div class=\"elementor-widget-container\">\n\t\t\t\t\t\t\t<div class=\"elementor-wrapper elementor-open-inline\">\n\t\t\t<div class=\"elementor-video\"><\/div>\t\t<\/div>\n\t\t\t\t\t\t<\/div>\n\t\t\t\t<\/div>\n\t\t\t\t\t<\/div>\n\t\t<\/div>\n\t\t\t\t\t<\/div>\n\t\t<\/section>\n\t\t\t\t\t<\/div>\n\t\t<\/div>\n\t\t\t\t\t<\/div>\n\t\t<\/section>\n\t\t<div class=\"elementor-element elementor-element-df5949f e-grid e-con-boxed e-con e-parent\" data-id=\"df5949f\" data-element_type=\"container\" data-e-type=\"container\">\n\t\t\t\t\t<div class=\"e-con-inner\">\n\t\t\t\t<div class=\"elementor-element elementor-element-761bf58 elementor-align-center elementor-widget elementor-widget-button\" data-id=\"761bf58\" data-element_type=\"widget\" data-e-type=\"widget\" data-widget_type=\"button.default\">\n\t\t\t\t<div class=\"elementor-widget-container\">\n\t\t\t\t\t\t\t\t\t<div class=\"elementor-button-wrapper\">\n\t\t\t\t\t<a class=\"elementor-button elementor-button-link elementor-size-sm\" href=\"\">\n\t\t\t\t\t\t<span class=\"elementor-button-content-wrapper\">\n\t\t\t\t\t\t<span class=\"elementor-button-icon\">\n\t\t\t\t<i aria-hidden=\"true\" class=\"fab fa-facebook-f\"><\/i>\t\t\t<\/span>\n\t\t\t\t\t\t\t\t<\/span>\n\t\t\t\t\t<\/a>\n\t\t\t\t<\/div>\n\t\t\t\t\t\t\t\t<\/div>\n\t\t\t\t<\/div>\n\t\t\t\t<div class=\"elementor-element elementor-element-c949227 elementor-align-center elementor-widget elementor-widget-button\" data-id=\"c949227\" data-element_type=\"widget\" data-e-type=\"widget\" data-widget_type=\"button.default\">\n\t\t\t\t<div class=\"elementor-widget-container\">\n\t\t\t\t\t\t\t\t\t<div class=\"elementor-button-wrapper\">\n\t\t\t\t\t<a class=\"elementor-button elementor-button-link elementor-size-sm\" href=\"\">\n\t\t\t\t\t\t<span class=\"elementor-button-content-wrapper\">\n\t\t\t\t\t\t<span class=\"elementor-button-icon\">\n\t\t\t\t<i aria-hidden=\"true\" class=\"fab fa-instagram\"><\/i>\t\t\t<\/span>\n\t\t\t\t\t\t\t\t<\/span>\n\t\t\t\t\t<\/a>\n\t\t\t\t<\/div>\n\t\t\t\t\t\t\t\t<\/div>\n\t\t\t\t<\/div>\n\t\t\t\t\t<\/div>\n\t\t\t\t<\/div>\n\t\t\t\t<\/div>\n\t\t","protected":false},"excerpt":{"rendered":"<p>SUPER-LIPermakulturno imanje u Peru\u0161i\u0107u Permakulturno imanje udruge GTF-Inicijativa za odr\u017eivi rast pravi je primjer odr\u017eive poljoprivrede i sredi\u0161te za edukaciju, inspiraciju i uklju\u010divanje zajednice. \u0160to je permakultura? Permakultura je odr\u017eivi pristup vrtlarstvu i poljoprivredi koji opona\u0161a prirodne ekosustave. Cilj je stvoriti samoodr\u017eive sustave koji zahtijevaju minimalne resurse, a pritom oboga\u0107uju tlo, \u010duvaju vodu i podr\u017eavaju &#8230; <a title=\"SUPER-LI Permakulturno imanje u Peru\u0161i\u0107u\" class=\"read-more\" href=\"https:\/\/gtf.hr\/en\/super-li-permakulturno-imanje-u-perusicu\/\" aria-label=\"Read more about SUPER-LI Permakulturno imanje u Peru\u0161i\u0107u\">Read more<\/a><\/p>","protected":false},"author":2,"featured_media":0,"parent":0,"menu_order":0,"comment_status":"closed","ping_status":"closed","template":"elementor_header_footer","meta":{"footnotes":""},"class_list":["post-4495","page","type-page","status-publish"],"yoast_head":"<!-- This site is optimized with the Yoast SEO plugin v27.2 - https:\/\/yoast.com\/product\/yoast-seo-wordpress\/ -->\n<title>SUPER-LI Permakulturno imanje u Peru\u0161i\u0107u - GTF-Inicijativa za odr\u017eivi rast<\/title>\n<meta name=\"robots\" content=\"index, follow, max-snippet:-1, max-image-preview:large, max-video-preview:-1\" \/>\n<link rel=\"canonical\" href=\"https:\/\/gtf.hr\/en\/super-li-permakulturno-imanje-u-perusicu\/\" \/>\n<meta property=\"og:locale\" content=\"en_GB\" \/>\n<meta property=\"og:type\" content=\"article\" \/>\n<meta property=\"og:title\" content=\"SUPER-LI Permakulturno imanje u Peru\u0161i\u0107u - GTF-Inicijativa za odr\u017eivi rast\" \/>\n<meta property=\"og:description\" content=\"SUPER-LIPermakulturno imanje u Peru\u0161i\u0107u Permakulturno imanje udruge GTF-Inicijativa za odr\u017eivi rast pravi je primjer odr\u017eive poljoprivrede i sredi\u0161te za edukaciju, inspiraciju i uklju\u010divanje zajednice. \u0160to je permakultura? Permakultura je odr\u017eivi pristup vrtlarstvu i poljoprivredi koji opona\u0161a prirodne ekosustave. Cilj je stvoriti samoodr\u017eive sustave koji zahtijevaju minimalne resurse, a pritom oboga\u0107uju tlo, \u010duvaju vodu i podr\u017eavaju ... Read more\" \/>\n<meta property=\"og:url\" content=\"https:\/\/gtf.hr\/en\/super-li-permakulturno-imanje-u-perusicu\/\" \/>\n<meta property=\"og:site_name\" content=\"GTF-Inicijativa za odr\u017eivi rast\" \/>\n<meta property=\"article:modified_time\" content=\"2026-04-18T13:18:13+00:00\" \/>\n<meta property=\"og:image\" content=\"http:\/\/gtf.hr\/wp-content\/uploads\/2022\/09\/281038005_1968515663335761_1056341850563730241_n.jpg\" \/>\n<meta name=\"twitter:card\" content=\"summary_large_image\" \/>\n<meta name=\"twitter:label1\" content=\"Estimated reading time\" \/>\n\t<meta name=\"twitter:data1\" content=\"1 minute\" \/>\n<script type=\"application\/ld+json\" class=\"yoast-schema-graph\">{\"@context\":\"https:\/\/schema.org\",\"@graph\":[{\"@type\":\"WebPage\",\"@id\":\"https:\/\/gtf.hr\/super-li-permakulturno-imanje-u-perusicu\/\",\"url\":\"https:\/\/gtf.hr\/super-li-permakulturno-imanje-u-perusicu\/\",\"name\":\"SUPER-LI Permakulturno imanje u Peru\u0161i\u0107u - GTF-Inicijativa za odr\u017eivi rast\",\"isPartOf\":{\"@id\":\"https:\/\/gtf.hr\/#website\"},\"primaryImageOfPage\":{\"@id\":\"https:\/\/gtf.hr\/super-li-permakulturno-imanje-u-perusicu\/#primaryimage\"},\"image\":{\"@id\":\"https:\/\/gtf.hr\/super-li-permakulturno-imanje-u-perusicu\/#primaryimage\"},\"thumbnailUrl\":\"http:\/\/gtf.hr\/wp-content\/uploads\/2022\/09\/281038005_1968515663335761_1056341850563730241_n.jpg\",\"datePublished\":\"2025-05-08T11:32:21+00:00\",\"dateModified\":\"2026-04-18T13:18:13+00:00\",\"breadcrumb\":{\"@id\":\"https:\/\/gtf.hr\/super-li-permakulturno-imanje-u-perusicu\/#breadcrumb\"},\"inLanguage\":\"en-GB\",\"potentialAction\":[{\"@type\":\"ReadAction\",\"target\":[\"https:\/\/gtf.hr\/super-li-permakulturno-imanje-u-perusicu\/\"]}]},{\"@type\":\"ImageObject\",\"inLanguage\":\"en-GB\",\"@id\":\"https:\/\/gtf.hr\/super-li-permakulturno-imanje-u-perusicu\/#primaryimage\",\"url\":\"http:\/\/gtf.hr\/wp-content\/uploads\/2022\/09\/281038005_1968515663335761_1056341850563730241_n.jpg\",\"contentUrl\":\"http:\/\/gtf.hr\/wp-content\/uploads\/2022\/09\/281038005_1968515663335761_1056341850563730241_n.jpg\"},{\"@type\":\"BreadcrumbList\",\"@id\":\"https:\/\/gtf.hr\/super-li-permakulturno-imanje-u-perusicu\/#breadcrumb\",\"itemListElement\":[{\"@type\":\"ListItem\",\"position\":1,\"name\":\"Home\",\"item\":\"https:\/\/gtf.hr\/\"},{\"@type\":\"ListItem\",\"position\":2,\"name\":\"SUPER-LI Permakulturno imanje u Peru\u0161i\u0107u\"}]},{\"@type\":\"WebSite\",\"@id\":\"https:\/\/gtf.hr\/#website\",\"url\":\"https:\/\/gtf.hr\/\",\"name\":\"GTF-Inicijativa za odr\u017eivi rast\",\"description\":\"\",\"potentialAction\":[{\"@type\":\"SearchAction\",\"target\":{\"@type\":\"EntryPoint\",\"urlTemplate\":\"https:\/\/gtf.hr\/?s={search_term_string}\"},\"query-input\":{\"@type\":\"PropertyValueSpecification\",\"valueRequired\":true,\"valueName\":\"search_term_string\"}}],\"inLanguage\":\"en-GB\"}]}<\/script>\n<!-- \/ Yoast SEO plugin. -->","yoast_head_json":{"title":"SUPER-LI Permakulturno imanje u Peru\u0161i\u0107u - GTF-Inicijativa za odr\u017eivi rast","robots":{"index":"index","follow":"follow","max-snippet":"max-snippet:-1","max-image-preview":"max-image-preview:large","max-video-preview":"max-video-preview:-1"},"canonical":"https:\/\/gtf.hr\/en\/super-li-permakulturno-imanje-u-perusicu\/","og_locale":"en_GB","og_type":"article","og_title":"SUPER-LI Permakulturno imanje u Peru\u0161i\u0107u - GTF-Inicijativa za odr\u017eivi rast","og_description":"SUPER-LIPermakulturno imanje u Peru\u0161i\u0107u Permakulturno imanje udruge GTF-Inicijativa za odr\u017eivi rast pravi je primjer odr\u017eive poljoprivrede i sredi\u0161te za edukaciju, inspiraciju i uklju\u010divanje zajednice. \u0160to je permakultura? Permakultura je odr\u017eivi pristup vrtlarstvu i poljoprivredi koji opona\u0161a prirodne ekosustave. Cilj je stvoriti samoodr\u017eive sustave koji zahtijevaju minimalne resurse, a pritom oboga\u0107uju tlo, \u010duvaju vodu i podr\u017eavaju ... Read more","og_url":"https:\/\/gtf.hr\/en\/super-li-permakulturno-imanje-u-perusicu\/","og_site_name":"GTF-Inicijativa za odr\u017eivi rast","article_modified_time":"2026-04-18T13:18:13+00:00","og_image":[{"url":"http:\/\/gtf.hr\/wp-content\/uploads\/2022\/09\/281038005_1968515663335761_1056341850563730241_n.jpg","type":"","width":"","height":""}],"twitter_card":"summary_large_image","twitter_misc":{"Estimated reading time":"1 minute"},"schema":{"@context":"https:\/\/schema.org","@graph":[{"@type":"WebPage","@id":"https:\/\/gtf.hr\/super-li-permakulturno-imanje-u-perusicu\/","url":"https:\/\/gtf.hr\/super-li-permakulturno-imanje-u-perusicu\/","name":"SUPER-LI Permakulturno imanje u Peru\u0161i\u0107u - GTF-Inicijativa za odr\u017eivi rast","isPartOf":{"@id":"https:\/\/gtf.hr\/#website"},"primaryImageOfPage":{"@id":"https:\/\/gtf.hr\/super-li-permakulturno-imanje-u-perusicu\/#primaryimage"},"image":{"@id":"https:\/\/gtf.hr\/super-li-permakulturno-imanje-u-perusicu\/#primaryimage"},"thumbnailUrl":"http:\/\/gtf.hr\/wp-content\/uploads\/2022\/09\/281038005_1968515663335761_1056341850563730241_n.jpg","datePublished":"2025-05-08T11:32:21+00:00","dateModified":"2026-04-18T13:18:13+00:00","breadcrumb":{"@id":"https:\/\/gtf.hr\/super-li-permakulturno-imanje-u-perusicu\/#breadcrumb"},"inLanguage":"en-GB","potentialAction":[{"@type":"ReadAction","target":["https:\/\/gtf.hr\/super-li-permakulturno-imanje-u-perusicu\/"]}]},{"@type":"ImageObject","inLanguage":"en-GB","@id":"https:\/\/gtf.hr\/super-li-permakulturno-imanje-u-perusicu\/#primaryimage","url":"http:\/\/gtf.hr\/wp-content\/uploads\/2022\/09\/281038005_1968515663335761_1056341850563730241_n.jpg","contentUrl":"http:\/\/gtf.hr\/wp-content\/uploads\/2022\/09\/281038005_1968515663335761_1056341850563730241_n.jpg"},{"@type":"BreadcrumbList","@id":"https:\/\/gtf.hr\/super-li-permakulturno-imanje-u-perusicu\/#breadcrumb","itemListElement":[{"@type":"ListItem","position":1,"name":"Home","item":"https:\/\/gtf.hr\/"},{"@type":"ListItem","position":2,"name":"SUPER-LI Permakulturno imanje u Peru\u0161i\u0107u"}]},{"@type":"WebSite","@id":"https:\/\/gtf.hr\/#website","url":"https:\/\/gtf.hr\/","name":"GTF-Initiative for Sustainable Growth","description":"","potentialAction":[{"@type":"SearchAction","target":{"@type":"EntryPoint","urlTemplate":"https:\/\/gtf.hr\/?s={search_term_string}"},"query-input":{"@type":"PropertyValueSpecification","valueRequired":true,"valueName":"search_term_string"}}],"inLanguage":"en-GB"}]}},"_links":{"self":[{"href":"https:\/\/gtf.hr\/en\/wp-json\/wp\/v2\/pages\/4495","targetHints":{"allow":["GET"]}}],"collection":[{"href":"https:\/\/gtf.hr\/en\/wp-json\/wp\/v2\/pages"}],"about":[{"href":"https:\/\/gtf.hr\/en\/wp-json\/wp\/v2\/types\/page"}],"author":[{"embeddable":true,"href":"https:\/\/gtf.hr\/en\/wp-json\/wp\/v2\/users\/2"}],"replies":[{"embeddable":true,"href":"https:\/\/gtf.hr\/en\/wp-json\/wp\/v2\/comments?post=4495"}],"version-history":[{"count":34,"href":"https:\/\/gtf.hr\/en\/wp-json\/wp\/v2\/pages\/4495\/revisions"}],"predecessor-version":[{"id":4823,"href":"https:\/\/gtf.hr\/en\/wp-json\/wp\/v2\/pages\/4495\/revisions\/4823"}],"wp:attachment":[{"href":"https:\/\/gtf.hr\/en\/wp-json\/wp\/v2\/media?parent=4495"}],"curies":[{"name":"wp","href":"https:\/\/api.w.org\/{rel}","templated":true}]}}